{"id":7202,"date":"2023-03-19T10:38:29","date_gmt":"2023-03-19T08:38:29","guid":{"rendered":"https:\/\/fixustrade.ee\/?page_id=7202"},"modified":"2024-09-21T14:35:04","modified_gmt":"2024-09-21T11:35:04","slug":"materjalid","status":"publish","type":"page","link":"https:\/\/fixustrade.ee\/eng\/materials\/","title":{"rendered":"Materials"},"content":{"rendered":"<div data-elementor-type=\"wp-page\" data-elementor-id=\"7202\" class=\"elementor elementor-7202\" data-elementor-post-type=\"page\">\n\t\t\t\t\t\t<section class=\"elementor-section elementor-top-section elementor-element elementor-element-46698ce6 elementor-section-boxed elementor-section-height-default elementor-section-height-default\" data-id=\"46698ce6\" data-element_type=\"section\" data-e-type=\"section\">\n\t\t\t\t\t\t<div class=\"elementor-container elementor-column-gap-default\">\n\t\t\t\t\t<div class=\"elementor-column elementor-col-100 elementor-top-column elementor-element elementor-element-9b0dde\" data-id=\"9b0dde\" data-element_type=\"column\" data-e-type=\"column\">\n\t\t\t<div class=\"elementor-widget-wrap elementor-element-populated\">\n\t\t\t\t\t\t<div class=\"elementor-element elementor-element-91aa91a elementor-widget elementor-widget-text-editor\" data-id=\"91aa91a\" data-element_type=\"widget\" data-e-type=\"widget\" data-widget_type=\"text-editor.default\">\n\t\t\t\t<div class=\"elementor-widget-container\">\n\t\t\t\t\t\t\t\t\t<h5>The main sealing materials we produce\/sell today are:<\/h5>\t\t\t\t\t\t\t\t<\/div>\n\t\t\t\t<\/div>\n\t\t\t\t\t<\/div>\n\t\t<\/div>\n\t\t\t\t\t<\/div>\n\t\t<\/section>\n\t\t\t\t<section class=\"elementor-section elementor-top-section elementor-element elementor-element-a42711a elementor-section-boxed elementor-section-height-default elementor-section-height-default\" data-id=\"a42711a\" data-element_type=\"section\" data-e-type=\"section\">\n\t\t\t\t\t\t<div class=\"elementor-container elementor-column-gap-default\">\n\t\t\t\t\t<div class=\"elementor-column elementor-col-100 elementor-top-column elementor-element elementor-element-efb2640\" data-id=\"efb2640\" data-element_type=\"column\" data-e-type=\"column\">\n\t\t\t<div class=\"elementor-widget-wrap elementor-element-populated\">\n\t\t\t\t\t\t<div class=\"elementor-element elementor-element-5e098fa elementor-widget elementor-widget-text-editor\" data-id=\"5e098fa\" data-element_type=\"widget\" data-e-type=\"widget\" data-widget_type=\"text-editor.default\">\n\t\t\t\t<div class=\"elementor-widget-container\">\n\t\t\t\t\t\t\t\t\t<p><a href=\"https:\/\/fixustrade.ee\/eng\/tootekategooria\/kummid-ja-plastid\/\"><span style=\"color: #dc3545;\"><strong>Laost saadaval lehtmaterjalid: KUMMID ja PLASTID<\/strong><\/span><\/a><\/p><p><span style=\"color: #dc3545;\"><strong>EPDM (ethylene-propylene-diene monomer) cellular rubber, self-adhesive or non-adhesive<\/strong><\/span><\/p><p><span style=\"color: #dc3545;\"><strong>PE (polyethylene) foam, self-adhesive or non-adhesive<\/strong><\/span><\/p><p><span style=\"color: #dc3545;\"><strong>PE foam and PVC foam, with double-sided adhesive (double-sided tapes)<\/strong><\/span><\/p><p><span style=\"color: #dc3545;\"><strong>PVC foam, self-adhesive<\/strong><\/span><\/p><p><span style=\"color: #dc3545;\"><strong>Expandable PU (polyurethane) foam, self-adhesive<\/strong><\/span><\/p><p><span style=\"color: #dc3545;\"><strong>Neoprene-foam rubber, self-adhesive or non-adhesive<\/strong><\/span><\/p><p><span style=\"color: #dc3545;\"><strong>Butyl (synthetic) rubber<\/strong><\/span><\/p>\t\t\t\t\t\t\t\t<\/div>\n\t\t\t\t<\/div>\n\t\t\t\t\t<\/div>\n\t\t<\/div>\n\t\t\t\t\t<\/div>\n\t\t<\/section>\n\t\t\t\t<section class=\"elementor-section elementor-top-section elementor-element elementor-element-a21a44 elementor-section-boxed elementor-section-height-default elementor-section-height-default\" data-id=\"a21a44\" data-element_type=\"section\" data-e-type=\"section\">\n\t\t\t\t\t\t<div class=\"elementor-container elementor-column-gap-default\">\n\t\t\t\t\t<div class=\"elementor-column elementor-col-100 elementor-top-column elementor-element elementor-element-6360d40d\" data-id=\"6360d40d\" data-element_type=\"column\" data-e-type=\"column\">\n\t\t\t<div class=\"elementor-widget-wrap elementor-element-populated\">\n\t\t\t\t\t\t<div class=\"elementor-element elementor-element-1bb753a8 elementor-widget elementor-widget-text-editor\" data-id=\"1bb753a8\" data-element_type=\"widget\" data-e-type=\"widget\" data-widget_type=\"text-editor.default\">\n\t\t\t\t<div class=\"elementor-widget-container\">\n\t\t\t\t\t\t\t\t\t<section class=\"elementor-section elementor-top-section elementor-element elementor-element-3ca0b78 elementor-section-boxed elementor-section-height-default elementor-section-height-default\" data-particle_enable=\"false\" data-particle-mobile-disabled=\"false\" data-id=\"3ca0b78\" data-element_type=\"section\"><div class=\"elementor-container elementor-column-gap-default\"><div class=\"elementor-column elementor-col-100 elementor-top-column elementor-element elementor-element-55921d8\" data-id=\"55921d8\" data-element_type=\"column\"><div class=\"elementor-widget-wrap elementor-element-populated\"><div class=\"elementor-element elementor-element-ed7af9e elementor-widget elementor-widget-text-editor\" data-id=\"ed7af9e\" data-element_type=\"widget\" data-widget_type=\"text-editor.default\"><div class=\"elementor-widget-container\"><p>Most of the aforementioned materials can also be used to produce sealing tapes according to the customer's desired order dimensions (width). Since the application scope of the materials is very broad depending on various physical and mechanical properties, different materials can be used for the same purpose depending on specific needs, suitability, or customer preferences.<\/p><p>The average values of the properties and durability indicators of the materials have been achieved and measured using certain methods and in average environmental conditions and are therefore informative in nature. The suitability of sealants and sealing tapes for certain purposes is determined by the consumer themselves, as several factors independent of the source material manufacturer and the Fixus Trade O\u00dc affect the use and performance of the products, including installation and usage conditions, operational duration, and environmental conditions, which can only be known and controlled by the user.<\/p><p>Vajadustele vastava parima sobiva toote kasuks otsustamisel on kindlasti abiks ka toodete p\u00f5hiliste kasutusvaldkondade kirjeldused, mis aga ei v\u00e4lista nende kasutamist ka muul, kasutajale sobival otstarbel ja kohas.<\/p><\/div><\/div><\/div><\/div><\/div><\/section>\t\t\t\t\t\t\t\t<\/div>\n\t\t\t\t<\/div>\n\t\t\t\t\t<\/div>\n\t\t<\/div>\n\t\t\t\t\t<\/div>\n\t\t<\/section>\n\t\t\t\t<\/div>","protected":false},"excerpt":{"rendered":"<p>P\u00f5hilised tihendimaterjalid, millest tooteid t\u00e4na toodame\/m\u00fc\u00fcme on: Laost saadaval lehtmaterjalid: KUMMID ja PLASTID EPDM-vahtkumm, iseliimuv v\u00f5i ilma liimita (ilma teibita) Pol\u00fceteen-vahtplast iseliimuv v\u00f5i ilma liimita (ilma teibita) Pol\u00fceteen-vahtplast ja PVC-vahtplast kahepoolse liimiga (kahepoolsed teibid) PVC-vahtplast, iseliimuv Paisuv pol\u00fcuretaanvaht lehtmaterjal, iseliimuv Neopreen-vahtkumm, iseliimuv v\u00f5i ilma liimita But\u00fc\u00fcl (s\u00fcnteetiline) kumm Enamusest eelmainitud materjalidest on lisaks standardm\u00f5\u00f5tu toodetele &#8230; <a href=\"https:\/\/fixustrade.ee\/eng\/materials\/\" class=\"more-link text-uppercase small\"><strong>Continue Reading<\/strong> <i class=\"fa fa-angle-double-right\" aria-hidden=\"true\"><\/i><\/a><\/p>","protected":false},"author":1,"featured_media":0,"parent":0,"menu_order":0,"comment_status":"closed","ping_status":"closed","template":"","meta":{"footnotes":""},"class_list":["post-7202","page","type-page","status-publish","hentry"],"_links":{"self":[{"href":"https:\/\/fixustrade.ee\/eng\/wp-json\/wp\/v2\/pages\/7202","targetHints":{"allow":["GET"]}}],"collection":[{"href":"https:\/\/fixustrade.ee\/eng\/wp-json\/wp\/v2\/pages"}],"about":[{"href":"https:\/\/fixustrade.ee\/eng\/wp-json\/wp\/v2\/types\/page"}],"author":[{"embeddable":true,"href":"https:\/\/fixustrade.ee\/eng\/wp-json\/wp\/v2\/users\/1"}],"replies":[{"embeddable":true,"href":"https:\/\/fixustrade.ee\/eng\/wp-json\/wp\/v2\/comments?post=7202"}],"version-history":[{"count":26,"href":"https:\/\/fixustrade.ee\/eng\/wp-json\/wp\/v2\/pages\/7202\/revisions"}],"predecessor-version":[{"id":7724,"href":"https:\/\/fixustrade.ee\/eng\/wp-json\/wp\/v2\/pages\/7202\/revisions\/7724"}],"wp:attachment":[{"href":"https:\/\/fixustrade.ee\/eng\/wp-json\/wp\/v2\/media?parent=7202"}],"curies":[{"name":"wp","href":"https:\/\/api.w.org\/{rel}","templated":true}]}}