{"id":7231,"date":"2023-03-19T10:44:33","date_gmt":"2023-03-19T08:44:33","guid":{"rendered":"https:\/\/fixustrade.ee\/?page_id=7231"},"modified":"2023-03-19T10:59:31","modified_gmt":"2023-03-19T08:59:31","slug":"kontakt","status":"publish","type":"page","link":"https:\/\/fixustrade.ee\/eng\/contact\/","title":{"rendered":"Contact"},"content":{"rendered":"\t\t<div data-elementor-type=\"wp-page\" data-elementor-id=\"7231\" class=\"elementor elementor-7231\" data-elementor-post-type=\"page\">\n\t\t\t\t\t\t<section class=\"elementor-section elementor-top-section elementor-element elementor-element-706ddb70 elementor-section-boxed elementor-section-height-default elementor-section-height-default\" data-id=\"706ddb70\" data-element_type=\"section\" data-e-type=\"section\" id=\"kontakt\">\n\t\t\t\t\t\t<div class=\"elementor-container elementor-column-gap-default\">\n\t\t\t\t\t<div class=\"elementor-column elementor-col-33 elementor-top-column elementor-element elementor-element-428c8f2d\" data-id=\"428c8f2d\" data-element_type=\"column\" data-e-type=\"column\">\n\t\t\t<div class=\"elementor-widget-wrap elementor-element-populated\">\n\t\t\t\t\t\t<div class=\"elementor-element elementor-element-2bb54cf4 elementor-widget elementor-widget-heading\" data-id=\"2bb54cf4\" data-element_type=\"widget\" data-e-type=\"widget\" data-widget_type=\"heading.default\">\n\t\t\t\t<div class=\"elementor-widget-container\">\n\t\t\t\t\t<h1 class=\"elementor-heading-title elementor-size-large\">V\u00f5ta \u00fchendust<\/h1>\t\t\t\t<\/div>\n\t\t\t\t<\/div>\n\t\t\t\t<div class=\"elementor-element elementor-element-4558ba4a elementor-button-align-center elementor-widget elementor-widget-form\" data-id=\"4558ba4a\" data-element_type=\"widget\" data-e-type=\"widget\" data-settings=\"{&quot;step_next_label&quot;:&quot;Next&quot;,&quot;step_previous_label&quot;:&quot;Previous&quot;,&quot;step_type&quot;:&quot;number_text&quot;,&quot;step_icon_shape&quot;:&quot;circle&quot;}\" data-widget_type=\"form.default\">\n\t\t\t\t<div class=\"elementor-widget-container\">\n\t\t\t\t\t\t\t<form class=\"elementor-form\" method=\"post\" name=\"Fixus Trade kontakt\" aria-label=\"Fixus Trade kontakt\">\n\t\t\t<input type=\"hidden\" name=\"post_id\" value=\"7231\"\/>\n\t\t\t<input type=\"hidden\" name=\"form_id\" value=\"4558ba4a\"\/>\n\t\t\t<input type=\"hidden\" name=\"referer_title\" value=\"Kontakt | Fixus Trade\" \/>\n\n\t\t\t\t\t\t\t<input type=\"hidden\" name=\"queried_id\" value=\"7231\"\/>\n\t\t\t\n\t\t\t<div class=\"elementor-form-fields-wrapper elementor-labels-\">\n\t\t\t\t\t\t\t\t<div class=\"elementor-field-type-text elementor-field-group elementor-column elementor-field-group-name elementor-col-100\">\n\t\t\t\t\t\t\t\t\t\t\t\t<label for=\"form-field-name\" class=\"elementor-field-label elementor-screen-only\">\n\t\t\t\t\t\t\t\tNimi\t\t\t\t\t\t\t<\/label>\n\t\t\t\t\t\t\t\t\t\t\t\t\t\t<input size=\"1\" type=\"text\" name=\"form_fields[name]\" id=\"form-field-name\" class=\"elementor-field elementor-size-md  elementor-field-textual\" placeholder=\"Nimi\">\n\t\t\t\t\t\t\t\t\t\t\t<\/div>\n\t\t\t\t\t\t\t\t<div class=\"elementor-field-type-email elementor-field-group elementor-column elementor-field-group-email elementor-col-100 elementor-field-required\">\n\t\t\t\t\t\t\t\t\t\t\t\t<label for=\"form-field-email\" class=\"elementor-field-label elementor-screen-only\">\n\t\t\t\t\t\t\t\tE-post\t\t\t\t\t\t\t<\/label>\n\t\t\t\t\t\t\t\t\t\t\t\t\t\t<input size=\"1\" type=\"email\" name=\"form_fields[email]\" id=\"form-field-email\" class=\"elementor-field elementor-size-md  elementor-field-textual\" placeholder=\"E-post\" required=\"required\">\n\t\t\t\t\t\t\t\t\t\t\t<\/div>\n\t\t\t\t\t\t\t\t<div class=\"elementor-field-type-text elementor-field-group elementor-column elementor-field-group-field_1d8cb18 elementor-col-100\">\n\t\t\t\t\t\t\t\t\t\t\t\t<label for=\"form-field-field_1d8cb18\" class=\"elementor-field-label elementor-screen-only\">\n\t\t\t\t\t\t\t\tTeema\t\t\t\t\t\t\t<\/label>\n\t\t\t\t\t\t\t\t\t\t\t\t\t\t<input size=\"1\" type=\"text\" name=\"form_fields[field_1d8cb18]\" id=\"form-field-field_1d8cb18\" class=\"elementor-field elementor-size-md  elementor-field-textual\" placeholder=\"Teema\">\n\t\t\t\t\t\t\t\t\t\t\t<\/div>\n\t\t\t\t\t\t\t\t<div class=\"elementor-field-type-textarea elementor-field-group elementor-column elementor-field-group-message elementor-col-100\">\n\t\t\t\t\t\t\t\t\t\t\t\t<label for=\"form-field-message\" class=\"elementor-field-label elementor-screen-only\">\n\t\t\t\t\t\t\t\tS\u00f5num\t\t\t\t\t\t\t<\/label>\n\t\t\t\t\t\t<textarea class=\"elementor-field-textual elementor-field  elementor-size-md\" name=\"form_fields[message]\" id=\"form-field-message\" rows=\"4\" placeholder=\"S\u00f5num\"><\/textarea>\t\t\t\t<\/div>\n\t\t\t\t\t\t\t\t<div class=\"elementor-field-type-acceptance elementor-field-group elementor-column elementor-field-group-field_8fd578e elementor-col-100\">\n\t\t\t\t\t\t\t\t\t\t\t\t<label for=\"form-field-field_8fd578e\" class=\"elementor-field-label elementor-screen-only\">\n\t\t\t\t\t\t\t\tGDPR\t\t\t\t\t\t\t<\/label>\n\t\t\t\t\t\t\t\t<div class=\"elementor-field-subgroup\">\n\t\t\t<span class=\"elementor-field-option\">\n\t\t\t\t<input type=\"checkbox\" name=\"form_fields[field_8fd578e]\" id=\"form-field-field_8fd578e\" class=\"elementor-field elementor-size-md  elementor-acceptance-field\" checked=\"checked\">\n\t\t\t\t<label for=\"form-field-field_8fd578e\">Selle vormi t\u00e4itmisega n\u00f5ustute oma andmete s\u00e4ilitamise ja haldamisega sellel veebisaidil<\/label>\t\t\t<\/span>\n\t\t<\/div>\n\t\t\t\t\t\t<\/div>\n\t\t\t\t\t\t\t\t<div class=\"elementor-field-group elementor-column elementor-field-type-submit elementor-col-100 e-form__buttons\">\n\t\t\t\t\t<button class=\"elementor-button elementor-size-md\" type=\"submit\">\n\t\t\t\t\t\t<span class=\"elementor-button-content-wrapper\">\n\t\t\t\t\t\t\t\t\t\t\t\t\t\t\t<span class=\"elementor-button-icon\">\n\t\t\t\t\t\t\t\t\t<svg aria-hidden=\"true\" class=\"e-font-icon-svg e-far-envelope\" viewBox=\"0 0 512 512\" xmlns=\"http:\/\/www.w3.org\/2000\/svg\"><path d=\"M464 64H48C21.49 64 0 85.49 0 112v288c0 26.51 21.49 48 48 48h416c26.51 0 48-21.49 48-48V112c0-26.51-21.49-48-48-48zm0 48v40.805c-22.422 18.259-58.168 46.651-134.587 106.49-16.841 13.247-50.201 45.072-73.413 44.701-23.208.375-56.579-31.459-73.413-44.701C106.18 199.465 70.425 171.067 48 152.805V112h416zM48 400V214.398c22.914 18.251 55.409 43.862 104.938 82.646 21.857 17.205 60.134 55.186 103.062 54.955 42.717.231 80.509-37.199 103.053-54.947 49.528-38.783 82.032-64.401 104.947-82.653V400H48z\"><\/path><\/svg>\t\t\t\t\t\t\t\t\t\t\t\t\t\t\t\t\t<\/span>\n\t\t\t\t\t\t\t\t\t\t\t\t\t\t\t\t\t\t\t\t\t\t<span class=\"elementor-button-text\">Saada<\/span>\n\t\t\t\t\t\t\t\t\t\t\t\t\t<\/span>\n\t\t\t\t\t<\/button>\n\t\t\t\t<\/div>\n\t\t\t<\/div>\n\t\t<\/form>\n\t\t\t\t\t\t<\/div>\n\t\t\t\t<\/div>\n\t\t\t\t<div class=\"elementor-element elementor-element-5624e3a8 elementor-widget elementor-widget-image\" data-id=\"5624e3a8\" data-element_type=\"widget\" data-e-type=\"widget\" data-widget_type=\"image.default\">\n\t\t\t\t<div class=\"elementor-widget-container\">\n\t\t\t\t\t\t\t\t\t\t\t\t\t\t\t\t<a href=\"https:\/\/fixustrade.ee\/wp-content\/uploads\/2023\/03\/FIXUS-TRADE-Sertifikaat-EST.pdf\" target=\"_blank\">\n\t\t\t\t\t\t\t<img decoding=\"async\" src=\"https:\/\/fixustrade.ee\/wp-content\/uploads\/elementor\/thumbs\/usaldusvaarsuse-margis-infopank_EST-rfhv291s68hplr5j0exwzzg8i2i2lq1p70c4fzdh4y.png\" title=\"usaldusv\u00e4\u00e4rsuse-m\u00e4rgis-infopank_EST\" alt=\"usaldusv\u00e4\u00e4rsuse-m\u00e4rgis-infopank_EST\" loading=\"lazy\" \/>\t\t\t\t\t\t\t\t<\/a>\n\t\t\t\t\t\t\t\t\t\t\t\t\t\t\t<\/div>\n\t\t\t\t<\/div>\n\t\t\t\t\t<\/div>\n\t\t<\/div>\n\t\t\t\t<div class=\"elementor-column elementor-col-33 elementor-top-column elementor-element elementor-element-3e4b0ff4\" data-id=\"3e4b0ff4\" data-element_type=\"column\" data-e-type=\"column\">\n\t\t\t<div class=\"elementor-widget-wrap elementor-element-populated\">\n\t\t\t\t\t\t<div class=\"elementor-element elementor-element-1a8f6a17 elementor-widget elementor-widget-text-editor\" data-id=\"1a8f6a17\" data-element_type=\"widget\" data-e-type=\"widget\" data-widget_type=\"text-editor.default\">\n\t\t\t\t<div class=\"elementor-widget-container\">\n\t\t\t\t\t\t\t\t\t<h4><strong>Fixus Trade O\u00dc<\/strong><\/h4><p>Liivametsa tn 6, Tallinn, 11216<br \/>(endine Kalmistu tee 22)<\/p><p>Tel. +372 677 1199<br \/>Epost:<a href=\"mailto:info@fixustrade.ee\">\u00a0<\/a><span style=\"text-decoration: underline;\"><a href=\"mailto:info@fixustrade.ee\">info@fixustrade.ee<\/a><\/span><\/p><p>Reg.nr. 11790318<br \/>KMKR: EE101340342<br \/><span style=\"letter-spacing: 0px;\">IBAN: EE472200221048221785<\/span><\/p>\t\t\t\t\t\t\t\t<\/div>\n\t\t\t\t<\/div>\n\t\t\t\t<div class=\"elementor-element elementor-element-31decc15 elementor-widget elementor-widget-google_maps\" data-id=\"31decc15\" data-element_type=\"widget\" data-e-type=\"widget\" data-widget_type=\"google_maps.default\">\n\t\t\t\t<div class=\"elementor-widget-container\">\n\t\t\t\t\t\t\t<div class=\"elementor-custom-embed\">\n\t\t\t<iframe loading=\"lazy\"\n\t\t\t\t\tsrc=\"https:\/\/maps.google.com\/maps?q=Estonia%2C%20Tallinn%2C%20Liivametsa%20tee%206&#038;t=m&#038;z=15&#038;output=embed&#038;iwloc=near\"\n\t\t\t\t\ttitle=\"Estonia, Tallinn, Liivametsa tee 6\"\n\t\t\t\t\taria-label=\"Estonia, Tallinn, Liivametsa tee 6\"\n\t\t\t><\/iframe>\n\t\t<\/div>\n\t\t\t\t\t\t<\/div>\n\t\t\t\t<\/div>\n\t\t\t\t<div class=\"elementor-element elementor-element-2e18ce92 elementor-shape-circle elementor-grid-0 e-grid-align-center elementor-widget elementor-widget-social-icons\" data-id=\"2e18ce92\" data-element_type=\"widget\" data-e-type=\"widget\" data-widget_type=\"social-icons.default\">\n\t\t\t\t<div class=\"elementor-widget-container\">\n\t\t\t\t\t\t\t<div class=\"elementor-social-icons-wrapper elementor-grid\">\n\t\t\t\t\t\t\t<span class=\"elementor-grid-item\">\n\t\t\t\t\t<a class=\"elementor-icon elementor-social-icon elementor-social-icon-facebook elementor-animation-grow elementor-repeater-item-f678e82\" href=\"https:\/\/www.facebook.com\/fixustrade\/\" target=\"_blank\" rel=\"noopener\">\n\t\t\t\t\t\t<span class=\"elementor-screen-only\">Facebook<\/span>\n\t\t\t\t\t\t<svg aria-hidden=\"true\" class=\"e-font-icon-svg e-fab-facebook\" viewBox=\"0 0 512 512\" xmlns=\"http:\/\/www.w3.org\/2000\/svg\"><path d=\"M504 256C504 119 393 8 256 8S8 119 8 256c0 123.78 90.69 226.38 209.25 245V327.69h-63V256h63v-54.64c0-62.15 37-96.48 93.67-96.48 27.14 0 55.52 4.84 55.52 4.84v61h-31.28c-30.8 0-40.41 19.12-40.41 38.73V256h68.78l-11 71.69h-57.78V501C413.31 482.38 504 379.78 504 256z\"><\/path><\/svg>\t\t\t\t\t<\/a>\n\t\t\t\t<\/span>\n\t\t\t\t\t<\/div>\n\t\t\t\t\t\t<\/div>\n\t\t\t\t<\/div>\n\t\t\t\t\t<\/div>\n\t\t<\/div>\n\t\t\t\t<div class=\"elementor-column elementor-col-33 elementor-top-column elementor-element elementor-element-191b3e00\" data-id=\"191b3e00\" data-element_type=\"column\" data-e-type=\"column\">\n\t\t\t<div class=\"elementor-widget-wrap elementor-element-populated\">\n\t\t\t\t\t\t<div class=\"elementor-element elementor-element-65f34caa elementor-widget elementor-widget-text-editor\" data-id=\"65f34caa\" data-element_type=\"widget\" data-e-type=\"widget\" data-widget_type=\"text-editor.default\">\n\t\t\t\t<div class=\"elementor-widget-container\">\n\t\t\t\t\t\t\t\t\t<p><strong>Rainer Reim<br \/><\/strong>m\u00fc\u00fcgijuht, juhatuse liige<\/p><p>Tel. (+372) 50 378 74<br \/><span style=\"text-decoration: underline;\"><a href=\"mailto:rainer.reim@fixustrade.ee\">rainer.reim@fixustrade.ee<\/a><\/span><\/p><p><strong>J\u00fcri Reim<\/strong><br \/>projektijuht, juhatuse liige<\/p><p>Tel. (+372) 50 181 43<br \/><span style=\"text-decoration: underline;\"><a href=\"mailto:jyri.reim@fixustrade.ee\">jyri.reim@fixustrade.ee<\/a><\/span><\/p><p><strong>Aare Holm<\/strong><br \/>ostu- ja tootmisjuht, juhatuse liige<em><br \/><\/em><\/p><p>Tel. (+372) 50 181 42<br \/><span style=\"text-decoration: underline;\"><a href=\"mailto:aare.holm@fixustrade.ee\">aare.holm@fixustrade.ee<\/a><\/span><\/p><p><strong>Anu Laul<br \/><\/strong>m\u00fc\u00fcgiesindaja<strong><br \/><\/strong><\/p><p>Tel. (+372) 53 246 234<br \/><a href=\"mailto:anu.laul@fixustrade.ee\"><span style=\"text-decoration: underline;\">anu.laul@fixustrade.ee<\/span><\/a><\/p>\t\t\t\t\t\t\t\t<\/div>\n\t\t\t\t<\/div>\n\t\t\t\t\t<\/div>\n\t\t<\/div>\n\t\t\t\t\t<\/div>\n\t\t<\/section>\n\t\t\t\t<\/div>\n\t\t","protected":false},"excerpt":{"rendered":"<p>V\u00f5ta \u00fchendust Fixus Trade O\u00dc Liivametsa tn 6, Tallinn, 11216 (endine Kalmistu tee 22) Tel. +372 677 1199 Epost:&nbsp;info@fixustrade.ee Reg.nr. 11790318 KMKR: EE101340342 IBAN: EE472200221048221785 Facebook Rainer Reim m\u00fc\u00fcgijuht, juhatuse liige Tel. (+372) 50 378 74 rainer.reim@fixustrade.ee J\u00fcri Reim projektijuht, juhatuse liige Tel. (+372) 50 181 43 jyri.reim@fixustrade.ee Aare Holm ostu- ja tootmisjuht, juhatuse liige &#8230; <a href=\"https:\/\/fixustrade.ee\/eng\/contact\/\" class=\"more-link text-uppercase small\"><strong>Continue Reading<\/strong> <i class=\"fa fa-angle-double-right\" aria-hidden=\"true\"><\/i><\/a><\/p>","protected":false},"author":1,"featured_media":0,"parent":0,"menu_order":0,"comment_status":"closed","ping_status":"closed","template":"","meta":{"footnotes":""},"class_list":["post-7231","page","type-page","status-publish","hentry"],"_links":{"self":[{"href":"https:\/\/fixustrade.ee\/eng\/wp-json\/wp\/v2\/pages\/7231","targetHints":{"allow":["GET"]}}],"collection":[{"href":"https:\/\/fixustrade.ee\/eng\/wp-json\/wp\/v2\/pages"}],"about":[{"href":"https:\/\/fixustrade.ee\/eng\/wp-json\/wp\/v2\/types\/page"}],"author":[{"embeddable":true,"href":"https:\/\/fixustrade.ee\/eng\/wp-json\/wp\/v2\/users\/1"}],"replies":[{"embeddable":true,"href":"https:\/\/fixustrade.ee\/eng\/wp-json\/wp\/v2\/comments?post=7231"}],"version-history":[{"count":5,"href":"https:\/\/fixustrade.ee\/eng\/wp-json\/wp\/v2\/pages\/7231\/revisions"}],"predecessor-version":[{"id":7238,"href":"https:\/\/fixustrade.ee\/eng\/wp-json\/wp\/v2\/pages\/7231\/revisions\/7238"}],"wp:attachment":[{"href":"https:\/\/fixustrade.ee\/eng\/wp-json\/wp\/v2\/media?parent=7231"}],"curies":[{"name":"wp","href":"https:\/\/api.w.org\/{rel}","templated":true}]}}