{"id":7252,"date":"2023-03-19T12:25:53","date_gmt":"2023-03-19T10:25:53","guid":{"rendered":"https:\/\/fixustrade.ee\/?page_id=7252"},"modified":"2024-01-09T14:13:53","modified_gmt":"2024-01-09T12:13:53","slug":"tihendid-ja-tooted","status":"publish","type":"page","link":"https:\/\/fixustrade.ee\/eng\/7252-revision-v1-2\/","title":{"rendered":"Seals and products"},"content":{"rendered":"<div data-elementor-type=\"wp-page\" data-elementor-id=\"7252\" class=\"elementor elementor-7252\" data-elementor-post-type=\"page\">\n\t\t\t\t\t\t<section class=\"elementor-section elementor-top-section elementor-element elementor-element-33453c9 elementor-section-boxed elementor-section-height-default elementor-section-height-default\" data-id=\"33453c9\" data-element_type=\"section\" data-e-type=\"section\">\n\t\t\t\t\t\t<div class=\"elementor-container elementor-column-gap-default\">\n\t\t\t\t\t<div class=\"elementor-column elementor-col-100 elementor-top-column elementor-element elementor-element-4e0de08c\" data-id=\"4e0de08c\" data-element_type=\"column\" data-e-type=\"column\">\n\t\t\t<div class=\"elementor-widget-wrap elementor-element-populated\">\n\t\t\t\t\t\t<div class=\"elementor-element elementor-element-59fe6a01 elementor-widget elementor-widget-woocommerce-breadcrumb\" data-id=\"59fe6a01\" data-element_type=\"widget\" data-e-type=\"widget\" data-widget_type=\"woocommerce-breadcrumb.default\">\n\t\t\t\t<div class=\"elementor-widget-container\">\n\t\t\t\t\t<nav class=\"woocommerce-breadcrumb\" aria-label=\"Breadcrumb\">Home<\/nav>\t\t\t\t<\/div>\n\t\t\t\t<\/div>\n\t\t\t\t\t<\/div>\n\t\t<\/div>\n\t\t\t\t\t<\/div>\n\t\t<\/section>\n\t\t\t\t<section class=\"elementor-section elementor-top-section elementor-element elementor-element-72f64ae4 elementor-section-boxed elementor-section-height-default elementor-section-height-default\" data-id=\"72f64ae4\" data-element_type=\"section\" data-e-type=\"section\">\n\t\t\t\t\t\t<div class=\"elementor-container elementor-column-gap-default\">\n\t\t\t\t\t<div class=\"elementor-column elementor-col-100 elementor-top-column elementor-element elementor-element-1e996bb\" data-id=\"1e996bb\" data-element_type=\"column\" data-e-type=\"column\">\n\t\t\t<div class=\"elementor-widget-wrap elementor-element-populated\">\n\t\t\t\t\t\t<div class=\"elementor-element elementor-element-7f526b90 elementor-grid-3 elementor-grid-mobile-2 elementor-product-loop-item--align-center elementor-grid-tablet-3 elementor-products-grid elementor-wc-products elementor-widget elementor-widget-wc-categories\" data-id=\"7f526b90\" data-element_type=\"widget\" data-e-type=\"widget\" data-settings=\"{&quot;_animation&quot;:&quot;none&quot;}\" data-widget_type=\"wc-categories.default\">\n\t\t\t\t<div class=\"elementor-widget-container\">\n\t\t\t\t\t<div class=\"woocommerce columns-3\"><ul class=\"products elementor-grid columns-3\">\n<li class=\"product-category product first\">\n\t<a aria-label=\"Visit product category Iseliimuvad tihenduslindid\" href=\"https:\/\/fixustrade.ee\/eng\/product-category\/seals\/seals-self-adhesive-sealings\/\"><img fetchpriority=\"high\" decoding=\"async\" src=\"https:\/\/fixustrade.ee\/wp-content\/uploads\/2021\/03\/kark_pvc-300x200.jpg\" alt=\"Self-adhesive sealings\" width=\"300\" height=\"200\" srcset=\"https:\/\/fixustrade.ee\/wp-content\/uploads\/2021\/03\/kark_pvc-300x200.jpg 300w, https:\/\/fixustrade.ee\/wp-content\/uploads\/2021\/03\/kark_pvc.jpg 500w\" sizes=\"(max-width: 300px) 100vw, 300px\" title=\"\">\t\t<h2 class=\"woocommerce-loop-category__title img-responsive\">\n\t\t\tSelf-adhesive sealings <mark class=\"count\">(3)<\/mark>\t\t<\/h2>\n\t\t<\/a><\/li>\n<li class=\"product-category product\">\n\t<a aria-label=\"Visit product category Aknatihendid ja uksetihendid\" href=\"https:\/\/fixustrade.ee\/eng\/product-category\/seals\/window-seals-and-door-seals\/\"><img decoding=\"async\" src=\"https:\/\/fixustrade.ee\/wp-content\/uploads\/2023\/03\/EPDM-vahtkummist-iseliimuvad-uldtihendid2-300x200.jpg\" alt=\"Window seals and door seals\" width=\"300\" height=\"200\" srcset=\"https:\/\/fixustrade.ee\/wp-content\/uploads\/2023\/03\/EPDM-vahtkummist-iseliimuvad-uldtihendid2-300x200.jpg 300w, https:\/\/fixustrade.ee\/wp-content\/uploads\/2023\/03\/EPDM-vahtkummist-iseliimuvad-uldtihendid2-18x12.jpg 18w, https:\/\/fixustrade.ee\/wp-content\/uploads\/2023\/03\/EPDM-vahtkummist-iseliimuvad-uldtihendid2.jpg 372w\" sizes=\"(max-width: 300px) 100vw, 300px\" title=\"\">\t\t<h2 class=\"woocommerce-loop-category__title img-responsive\">\n\t\t\tWindow seals and door seals <mark class=\"count\">(2)<\/mark>\t\t<\/h2>\n\t\t<\/a><\/li>\n<li class=\"product-category product last\">\n\t<a aria-label=\"Visit product category Katusetihendid\" href=\"https:\/\/fixustrade.ee\/eng\/product-category\/seals\/roof-sealings\/\"><img decoding=\"async\" src=\"https:\/\/fixustrade.ee\/wp-content\/uploads\/2024\/02\/katusetihendid-300x200.jpg\" alt=\"Roof sealings\" width=\"300\" height=\"200\" srcset=\"https:\/\/fixustrade.ee\/wp-content\/uploads\/2024\/02\/katusetihendid-300x200.jpg 300w, https:\/\/fixustrade.ee\/wp-content\/uploads\/2024\/02\/katusetihendid-18x12.jpg 18w, https:\/\/fixustrade.ee\/wp-content\/uploads\/2024\/02\/katusetihendid.jpg 500w\" sizes=\"(max-width: 300px) 100vw, 300px\" title=\"\">\t\t<h2 class=\"woocommerce-loop-category__title img-responsive\">\n\t\t\tRoof sealings <mark class=\"count\">(4)<\/mark>\t\t<\/h2>\n\t\t<\/a><\/li>\n<li class=\"product-category product first\">\n\t<a aria-label=\"Visit product category Ehitustarindite tihendid\" href=\"https:\/\/fixustrade.ee\/eng\/product-category\/seals\/sealings-for-building-structures\/\"><img loading=\"lazy\" decoding=\"async\" src=\"https:\/\/fixustrade.ee\/wp-content\/uploads\/2021\/03\/fixpm_1-300x200.jpg\" alt=\"Sealings for building structures\" width=\"300\" height=\"200\" srcset=\"https:\/\/fixustrade.ee\/wp-content\/uploads\/2021\/03\/fixpm_1-300x200.jpg 300w, https:\/\/fixustrade.ee\/wp-content\/uploads\/2021\/03\/fixpm_1.jpg 500w\" sizes=\"(max-width: 300px) 100vw, 300px\" title=\"\">\t\t<h2 class=\"woocommerce-loop-category__title img-responsive\">\n\t\t\tSealings for building structures <mark class=\"count\">(3)<\/mark>\t\t<\/h2>\n\t\t<\/a><\/li>\n<li class=\"product-category product\">\n\t<a aria-label=\"Visit product category Tulet\u00f5kketihendid\" href=\"https:\/\/fixustrade.ee\/eng\/product-category\/seals\/firestop-sealing-strips\/\"><img loading=\"lazy\" decoding=\"async\" src=\"https:\/\/fixustrade.ee\/wp-content\/uploads\/2021\/03\/inter-300x200.jpg\" alt=\"Firestop sealing strips\" width=\"300\" height=\"200\" srcset=\"https:\/\/fixustrade.ee\/wp-content\/uploads\/2021\/03\/inter-300x200.jpg 300w, https:\/\/fixustrade.ee\/wp-content\/uploads\/2021\/03\/inter.jpg 500w\" sizes=\"(max-width: 300px) 100vw, 300px\" title=\"\">\t\t<h2 class=\"woocommerce-loop-category__title img-responsive\">\n\t\t\tFirestop sealing strips <mark class=\"count\">(2)<\/mark>\t\t<\/h2>\n\t\t<\/a><\/li>\n<li class=\"product-category product last\">\n\t<a aria-label=\"Visit product category Paisuvad tihendid\" href=\"https:\/\/fixustrade.ee\/eng\/product-category\/seals\/expandable-sealings\/\"><img loading=\"lazy\" decoding=\"async\" src=\"https:\/\/fixustrade.ee\/wp-content\/uploads\/2021\/03\/fixform-300x200.jpg\" alt=\"Expandable sealings\" width=\"300\" height=\"200\" srcset=\"https:\/\/fixustrade.ee\/wp-content\/uploads\/2021\/03\/fixform-300x200.jpg 300w, https:\/\/fixustrade.ee\/wp-content\/uploads\/2021\/03\/fixform-600x400.jpg 600w, https:\/\/fixustrade.ee\/wp-content\/uploads\/2021\/03\/fixform-768x512.jpg 768w, https:\/\/fixustrade.ee\/wp-content\/uploads\/2021\/03\/fixform-750x500.jpg 750w, https:\/\/fixustrade.ee\/wp-content\/uploads\/2021\/03\/fixform.jpg 1024w\" sizes=\"(max-width: 300px) 100vw, 300px\" title=\"\">\t\t<h2 class=\"woocommerce-loop-category__title img-responsive\">\n\t\t\tExpandable sealings <mark class=\"count\">(1)<\/mark>\t\t<\/h2>\n\t\t<\/a><\/li>\n<li class=\"product-category product first\">\n\t<a aria-label=\"Visit product category Harjastihendid\" href=\"https:\/\/fixustrade.ee\/eng\/product-category\/seals\/brush-sealings\/\"><img loading=\"lazy\" decoding=\"async\" src=\"https:\/\/fixustrade.ee\/wp-content\/uploads\/2021\/03\/stribo_work-1-300x200.jpg\" alt=\"Brush sealings\" width=\"300\" height=\"200\" title=\"\">\t\t<h2 class=\"woocommerce-loop-category__title img-responsive\">\n\t\t\tBrush sealings <mark class=\"count\">(2)<\/mark>\t\t<\/h2>\n\t\t<\/a><\/li>\n<li class=\"product-category product\">\n\t<a aria-label=\"Visit product category But\u00fc\u00fcltihendid\" href=\"https:\/\/fixustrade.ee\/eng\/product-category\/seals\/butyl-sealing-strips\/\"><img loading=\"lazy\" decoding=\"async\" src=\"https:\/\/fixustrade.ee\/wp-content\/uploads\/2021\/03\/but_1-300x200.jpg\" alt=\"Butyl sealing strips\" width=\"300\" height=\"200\" srcset=\"https:\/\/fixustrade.ee\/wp-content\/uploads\/2021\/03\/but_1-300x200.jpg 300w, https:\/\/fixustrade.ee\/wp-content\/uploads\/2021\/03\/but_1-600x400.jpg 600w, https:\/\/fixustrade.ee\/wp-content\/uploads\/2021\/03\/but_1-768x512.jpg 768w, https:\/\/fixustrade.ee\/wp-content\/uploads\/2021\/03\/but_1-750x500.jpg 750w, https:\/\/fixustrade.ee\/wp-content\/uploads\/2021\/03\/but_1.jpg 1024w\" sizes=\"(max-width: 300px) 100vw, 300px\" title=\"\">\t\t<h2 class=\"woocommerce-loop-category__title img-responsive\">\n\t\t\tButyl sealing strips <mark class=\"count\">(1)<\/mark>\t\t<\/h2>\n\t\t<\/a><\/li>\n<li class=\"product-category product last\">\n\t<a aria-label=\"Visit product category U-tihendid\" href=\"https:\/\/fixustrade.ee\/eng\/product-category\/seals\/u-sealings\/\"><img loading=\"lazy\" decoding=\"async\" src=\"https:\/\/fixustrade.ee\/wp-content\/uploads\/2021\/04\/u-tihend-300x200.jpg\" alt=\"U-sealings\" width=\"300\" height=\"200\" title=\"\">\t\t<h2 class=\"woocommerce-loop-category__title img-responsive\">\n\t\t\tU-sealings <mark class=\"count\">(1)<\/mark>\t\t<\/h2>\n\t\t<\/a><\/li>\n<\/ul>\n<\/div>\t\t\t\t<\/div>\n\t\t\t\t<\/div>\n\t\t\t\t\t<\/div>\n\t\t<\/div>\n\t\t\t\t\t<\/div>\n\t\t<\/section>\n\t\t\t\t<section class=\"elementor-section elementor-top-section elementor-element elementor-element-318e44a elementor-section-boxed elementor-section-height-default elementor-section-height-default\" data-id=\"318e44a\" data-element_type=\"section\" data-e-type=\"section\">\n\t\t\t\t\t\t<div class=\"elementor-container elementor-column-gap-default\">\n\t\t\t\t\t<div class=\"elementor-column elementor-col-100 elementor-top-column elementor-element elementor-element-17ed275\" data-id=\"17ed275\" data-element_type=\"column\" data-e-type=\"column\">\n\t\t\t<div class=\"elementor-widget-wrap elementor-element-populated\">\n\t\t\t\t\t\t<div class=\"elementor-element elementor-element-fd8bf4a elementor-widget elementor-widget-text-editor\" data-id=\"fd8bf4a\" data-element_type=\"widget\" data-e-type=\"widget\" data-widget_type=\"text-editor.default\">\n\t\t\t\t<div class=\"elementor-widget-container\">\n\t\t\t\t\t\t\t\t\t<h2><span style=\"color: #ffffff;\">Sealing from foundation to roof!<\/span><\/h2><p><span style=\"color: #ffffff;\">Sealants for all industrial and construction profiles. Production of gaskets, sealing tapes. Sealing tape, self-adhesive sealing tapes, profile gaskets, window gaskets and door gaskets, roof gaskets, frame gaskets, frame gaskets, expanding, self expanding gaskets, etc.<\/span><\/p><p><span style=\"color: #ffffff;\">In addition to standard sizes, most of the materials mentioned above can be used to manufacture sealing liner according to the dimensions (width) requested by the customer. As the range of applications is very wide, depending on the different physical and mechanical properties of the materials, different materials can be used for the same purpose, depending on the specific need, suitability or possibilities of the customer. The average values of the properties and durability characteristics given for the characterisation of materials have been obtained and measured by specific methods and under average environmental conditions and are therefore informative.<\/span><\/p><p><span style=\"color: #ffffff;\">It is up to the consumer to decide on the suitability of gaskets and sealing tapes for a particular purpose, as the use and performance of the products are influenced by a number of factors independent of the manufacturer of the source material and Fixus Trade O\u00dc, including the conditions of installation and use, the length of time in service and the environmental conditions, which are known and verifiable only by the user.The descriptions of the main uses of the products are certainly helpful in deciding on the most suitable product to meet the needs, but this does not preclude their use for other purposes and in other locations suitable for the user.<\/span><\/p><p><span style=\"color: #ffffff;\"><strong>FIXUS TRADE O\u00dc<\/strong> is a company founded in 2009, based on Estonian capital, whose owners and employees have a very long professional experience. The company's core business is the processing of sealing and insulation materials, including the production and wholesale of gaskets and sealing tapes from various elastic roll sheet materials. The raw materials for our products are all sourced from the leading factories in their field in Western Europe, which also guarantees the high quality of our products. We are the only company in Estonia with such an operational profile and our customers are already used to the company's operational activity, very fast deliveries and the high quality of all the products we offer.<\/span><\/p><h3><span style=\"color: #ffffff;\"><strong>Because we manufacture gaskets and rubber products as \"tailor-made\", i.e. all gasket materials in stock can be ordered by the customer in the required size!<\/strong><\/span><\/h3>\t\t\t\t\t\t\t\t<\/div>\n\t\t\t\t<\/div>\n\t\t\t\t\t<\/div>\n\t\t<\/div>\n\t\t\t\t\t<\/div>\n\t\t<\/section>\n\t\t\t\t<\/div>","protected":false},"excerpt":{"rendered":"<p>Tihendid vundamendist katuseni! Tihendeid igale t\u00f6\u00f6stus- ja ehitusprofile. Tihendite, tihenduslintide tootmine. Kummitooted ja vahtteibid.Tihenduslint, iseliimuvad tihenduslindid, profiiltihendid, aknatihendid ja uksetihendid, katusetihendid, karkassitihend, karkassitihendid, paisuvad, isepaisuv tihend jpm. Enamusest eelmainitud materjalidest on lisaks standardm\u00f5\u00f5tu toodetele v\u00f5imalik valmistada tihenduslinte vastavalt kliendi soovitud tellimism\u00f5\u00f5tudele(laiusele). Et s\u00f5ltuvalt erinevatest f\u00fc\u00fcsikalistest ja mehaanilistest omadustest on materjalide kasutusvaldkond v\u00e4ga lai, siis v\u00f5ib &#8230; <a href=\"https:\/\/fixustrade.ee\/eng\/7252-revision-v1-2\/\" class=\"more-link text-uppercase small\"><strong>Continue Reading<\/strong> <i class=\"fa fa-angle-double-right\" aria-hidden=\"true\"><\/i><\/a><\/p>","protected":false},"author":1,"featured_media":6461,"parent":0,"menu_order":0,"comment_status":"closed","ping_status":"closed","template":"","meta":{"footnotes":""},"class_list":["post-7252","page","type-page","status-publish","has-post-thumbnail","hentry"],"_links":{"self":[{"href":"https:\/\/fixustrade.ee\/eng\/wp-json\/wp\/v2\/pages\/7252","targetHints":{"allow":["GET"]}}],"collection":[{"href":"https:\/\/fixustrade.ee\/eng\/wp-json\/wp\/v2\/pages"}],"about":[{"href":"https:\/\/fixustrade.ee\/eng\/wp-json\/wp\/v2\/types\/page"}],"author":[{"embeddable":true,"href":"https:\/\/fixustrade.ee\/eng\/wp-json\/wp\/v2\/users\/1"}],"replies":[{"embeddable":true,"href":"https:\/\/fixustrade.ee\/eng\/wp-json\/wp\/v2\/comments?post=7252"}],"version-history":[{"count":14,"href":"https:\/\/fixustrade.ee\/eng\/wp-json\/wp\/v2\/pages\/7252\/revisions"}],"predecessor-version":[{"id":7526,"href":"https:\/\/fixustrade.ee\/eng\/wp-json\/wp\/v2\/pages\/7252\/revisions\/7526"}],"wp:featuredmedia":[{"embeddable":true,"href":"https:\/\/fixustrade.ee\/eng\/wp-json\/wp\/v2\/media\/6461"}],"wp:attachment":[{"href":"https:\/\/fixustrade.ee\/eng\/wp-json\/wp\/v2\/media?parent=7252"}],"curies":[{"name":"wp","href":"https:\/\/api.w.org\/{rel}","templated":true}]}}