{"id":7350,"date":"2023-03-23T18:48:21","date_gmt":"2023-03-23T16:48:21","guid":{"rendered":"https:\/\/fixustrade.ee\/?page_id=7350"},"modified":"2023-03-23T19:07:29","modified_gmt":"2023-03-23T17:07:29","slug":"privaatsuspoliitika","status":"publish","type":"page","link":"https:\/\/fixustrade.ee\/eng\/privacy-policy\/","title":{"rendered":"Privacy policy"},"content":{"rendered":"<div data-elementor-type=\"wp-page\" data-elementor-id=\"7350\" class=\"elementor elementor-7350\" data-elementor-post-type=\"page\">\n\t\t\t\t\t\t<section class=\"elementor-section elementor-top-section elementor-element elementor-element-571a68e elementor-section-boxed elementor-section-height-default elementor-section-height-default\" data-id=\"571a68e\" data-element_type=\"section\" data-e-type=\"section\">\n\t\t\t\t\t\t<div class=\"elementor-container elementor-column-gap-default\">\n\t\t\t\t\t<div class=\"elementor-column elementor-col-100 elementor-top-column elementor-element elementor-element-9bd2c92\" data-id=\"9bd2c92\" data-element_type=\"column\" data-e-type=\"column\">\n\t\t\t<div class=\"elementor-widget-wrap elementor-element-populated\">\n\t\t\t\t\t\t<div class=\"elementor-element elementor-element-4f01d39 elementor-widget elementor-widget-text-editor\" data-id=\"4f01d39\" data-element_type=\"widget\" data-e-type=\"widget\" data-widget_type=\"text-editor.default\">\n\t\t\t\t<div class=\"elementor-widget-container\">\n\t\t\t\t\t\t\t\t\t<p><strong>Privacy policy<\/strong><br \/>The GDPR Privacy Policy Factsheet, which informs readers about the new European data protection reform and the General Data Protection Regulation.<\/p><p>As the purpose of this website is to raise awareness of data protection and privacy issues among our readership, we do not collect or store any information that we do not know about you that could be used to identify or locate you, or that could otherwise affect your privacy. In addition, we do not allow third party services or software to do so through our website.<\/p><p>We process personal data in accordance with the EU General Data Protection Regulation (GDPR, EU 2016\/679) and the laws of the Republic of Estonia. We do not process sensitive personal data as defined in the GDPR Regulation. Our Privacy Policy explains how and why we collect and process personal data.<\/p><p><strong>What personal data do we collect?<\/strong><br \/>Your personal data will not be collected when you read this Privacy Policy.<\/p><p><strong>When filling in the contact form:<\/strong><\/p><p>Name, email address, subject and product enquiry.<\/p><p><strong>Why do we collect and process personal data?<\/strong><br \/>We collect and process personal data for the following purposes:<\/p><p>to provide you with information and quotes about our products.<\/p><p><strong>Cookies<\/strong><br \/>This website sends small files (\"cookies\") to your computers and mobile devices that are necessary for this website to function and to collect anonymous web analytics.<\/p><p><strong>Let's use them as follows:<\/strong><\/p><p>We collect and analyse anonymous online statistics about how users move around the website. We do this using Google Analytics software, which treats data anonymously and does not collect or process any personal data.<\/p><p><strong>To whom is the data transferred?<\/strong><br \/>We will treat your personal information as confidential and will not pass it on to any other person or company.<\/p><p><strong>Transfer of personal data outside the EU<\/strong><br \/>We do not transfer your personal data outside the European Union or the European Economic Area (EEA).<\/p><p><strong>Data security<\/strong><br \/>We work to protect your information from unauthorised access or unauthorised alteration, disclosure or breach.<\/p><p><strong>To keep your data secure, we do the following:<\/strong><\/p><p>We treat all personal data as confidential.<br \/>We only use encrypted services using SSL.<br \/>We restrict access to personal data by granting access only to those employees and contractors who need the information to process it, who are subject to strict contractual confidentiality obligations and who may be sanctioned or have their contract terminated if they fail to comply with those obligations.<br \/>We keep personal data mainly in digital format rather than on paper to ensure more secure access control.<br \/>The repository is protected by the necessary IT technical and organisational safeguards.<br \/>While we apply strict security rules to the personal information that we receive, it should be noted that the internet is never completely secure and we cannot guarantee the security of any information you send to us. The security of the data you send is always at your own risk.<\/p><p><strong>What rights do you have and how can you exercise your rights?<\/strong><br \/>If you have consented to the collection, processing and use of your personal data in certain ways, you may withdraw your consent at any time in the future.<\/p><p><strong>In accordance with applicable data protection legislation, you are entitled to:<\/strong><\/p><p>Request access to your personal data.<br \/>Request correction of your personal data.<br \/>Request the deletion of your personal data.<br \/>Request restriction of the processing of your personal data.<br \/>Request the transfer of your personal data.<br \/>Request the withdrawal of your consent to the processing of your personal data.<br \/>Oppose automated decision-making (including profiling).<br \/>The application must allow your identity to be uniquely identified. To exercise your rights and submit your request, please contact us as set out in the section (\"Contact us\").<\/p><p>Please note that you can only request the deletion of your personal data, the restriction of their processing or other measures if there is a lawful basis for you to do so and in accordance with data protection legislation.<\/p><p>In the event of a complaint, you have the right to lodge a complaint with the competent data protection authority. We cooperate with the relevant regulatory authorities, including local data protection authorities, to resolve complaints about transfers of personal data.<\/p><p><strong>How long do we keep your personal data?<\/strong><br \/>Your personal data will be kept for as long as necessary to provide you with the services you have requested. If the personal data has not been used for 3 consecutive years, we will delete your personal data or make your personal data anonymous, unless mandatory retention requirements apply.<\/p><p>Data collected in an anonymised form is kept indefinitely.<\/p><p><strong>Privacy Policy terms and conditions and changes<\/strong><br \/>By using this website, you have read and agreed to these terms and conditions.<\/p><p>Our privacy policy may change from time to time. We will not derogate from your rights under our Privacy Policy without your express consent. We will post a notice of any changes to the Privacy Policy on this page and will provide a more specific notice in the event of major changes.<\/p><p><strong>Contact us<\/strong><br \/>If you have any concerns or questions about this privacy policy, please contact:<\/p><p><a href=\"mailto:info@fixustrade.ee\">info@fixustrade.ee\u00a0<\/a><\/p><p>Phone +372 677 1199<\/p>\t\t\t\t\t\t\t\t<\/div>\n\t\t\t\t<\/div>\n\t\t\t\t\t<\/div>\n\t\t<\/div>\n\t\t\t\t\t<\/div>\n\t\t<\/section>\n\t\t\t\t<\/div>","protected":false},"excerpt":{"rendered":"<p>Privaatsuspoliitika GDPR privaatsuspoliitika teabeleht, mis jagab lugejale infot Euroopa uue andmekaitse reformi ja isikuandmete kaitse \u00fcldm\u00e4\u00e4ruse kohta. Kuna k\u00e4esoleva veebisaidi eesm\u00e4rk on suurendada lugejaskonna teadlikkust andmekaitse ja privaatsuse valdkonnas, siis ei kogu ega salvesta me teie teadmata informatsiooni, mida v\u00f5ib kasutada teie identifitseerimiseks v\u00f5i leidmiseks, v\u00f5i mis v\u00f5iks teisiti teie privaatsust m\u00f5jutada. Lisaks ei luba &#8230; <a href=\"https:\/\/fixustrade.ee\/eng\/privacy-policy\/\" class=\"more-link text-uppercase small\"><strong>Continue Reading<\/strong> <i class=\"fa fa-angle-double-right\" aria-hidden=\"true\"><\/i><\/a><\/p>","protected":false},"author":1,"featured_media":0,"parent":0,"menu_order":0,"comment_status":"closed","ping_status":"closed","template":"","meta":{"footnotes":""},"class_list":["post-7350","page","type-page","status-publish","hentry"],"_links":{"self":[{"href":"https:\/\/fixustrade.ee\/eng\/wp-json\/wp\/v2\/pages\/7350","targetHints":{"allow":["GET"]}}],"collection":[{"href":"https:\/\/fixustrade.ee\/eng\/wp-json\/wp\/v2\/pages"}],"about":[{"href":"https:\/\/fixustrade.ee\/eng\/wp-json\/wp\/v2\/types\/page"}],"author":[{"embeddable":true,"href":"https:\/\/fixustrade.ee\/eng\/wp-json\/wp\/v2\/users\/1"}],"replies":[{"embeddable":true,"href":"https:\/\/fixustrade.ee\/eng\/wp-json\/wp\/v2\/comments?post=7350"}],"version-history":[{"count":23,"href":"https:\/\/fixustrade.ee\/eng\/wp-json\/wp\/v2\/pages\/7350\/revisions"}],"predecessor-version":[{"id":7373,"href":"https:\/\/fixustrade.ee\/eng\/wp-json\/wp\/v2\/pages\/7350\/revisions\/7373"}],"wp:attachment":[{"href":"https:\/\/fixustrade.ee\/eng\/wp-json\/wp\/v2\/media?parent=7350"}],"curies":[{"name":"wp","href":"https:\/\/api.w.org\/{rel}","templated":true}]}}