{"id":7225,"date":"2023-03-19T10:43:22","date_gmt":"2023-03-19T08:43:22","guid":{"rendered":"https:\/\/fixustrade.ee\/?page_id=7225"},"modified":"2024-03-06T01:48:25","modified_gmt":"2024-03-05T23:48:25","slug":"meist","status":"publish","type":"page","link":"https:\/\/fixustrade.ee\/fin\/meista\/","title":{"rendered":"Meist\u00e4"},"content":{"rendered":"<div data-elementor-type=\"wp-page\" data-elementor-id=\"7225\" class=\"elementor elementor-7225\" data-elementor-post-type=\"page\">\n\t\t\t\t\t\t<section class=\"elementor-section elementor-top-section elementor-element elementor-element-7b6ef275 elementor-section-boxed elementor-section-height-default elementor-section-height-default\" data-id=\"7b6ef275\" data-element_type=\"section\" data-e-type=\"section\" id=\"meist\">\n\t\t\t\t\t\t<div class=\"elementor-container elementor-column-gap-default\">\n\t\t\t\t\t<div class=\"elementor-column elementor-col-50 elementor-top-column elementor-element elementor-element-74642ae4\" data-id=\"74642ae4\" data-element_type=\"column\" data-e-type=\"column\">\n\t\t\t<div class=\"elementor-widget-wrap elementor-element-populated\">\n\t\t\t\t\t\t<div class=\"elementor-element elementor-element-30cc61b7 elementor-widget elementor-widget-image\" data-id=\"30cc61b7\" data-element_type=\"widget\" data-e-type=\"widget\" data-widget_type=\"image.default\">\n\t\t\t\t<div class=\"elementor-widget-container\">\n\t\t\t\t\t\t\t\t\t\t\t\t\t\t\t<img fetchpriority=\"high\" decoding=\"async\" width=\"750\" height=\"499\" src=\"https:\/\/fixustrade.ee\/wp-content\/uploads\/2021\/03\/maja-1.jpg\" class=\"attachment-medium_large size-medium_large wp-image-132 img-responsive\" alt=\"\" srcset=\"https:\/\/fixustrade.ee\/wp-content\/uploads\/2021\/03\/maja-1.jpg 750w, https:\/\/fixustrade.ee\/wp-content\/uploads\/2021\/03\/maja-1-300x200.jpg 300w, https:\/\/fixustrade.ee\/wp-content\/uploads\/2021\/03\/maja-1-600x399.jpg 600w\" sizes=\"(max-width: 750px) 100vw, 750px\" title=\"\">\t\t\t\t\t\t\t\t\t\t\t\t\t\t\t<\/div>\n\t\t\t\t<\/div>\n\t\t\t\t\t<\/div>\n\t\t<\/div>\n\t\t\t\t<div class=\"elementor-column elementor-col-50 elementor-top-column elementor-element elementor-element-2f483ef5\" data-id=\"2f483ef5\" data-element_type=\"column\" data-e-type=\"column\">\n\t\t\t<div class=\"elementor-widget-wrap elementor-element-populated\">\n\t\t\t\t\t\t<div class=\"elementor-element elementor-element-765a0966 elementor-widget elementor-widget-text-editor\" data-id=\"765a0966\" data-element_type=\"widget\" data-e-type=\"widget\" data-widget_type=\"text-editor.default\">\n\t\t\t\t<div class=\"elementor-widget-container\">\n\t\t\t\t\t\t\t\t\t<p><strong>FIXUS TRADE O\u00dc<\/strong>\u00a0on vuonna 2009 perustettu virolaiseen p\u00e4\u00e4omaan perustuva yritys, jonka omistajilla ja ty\u00f6ntekij\u00f6ill\u00e4 on eritt\u00e4in pitk\u00e4 ammatillinen kokemus. Yhti\u00f6n p\u00e4\u00e4toimialana on tiivistys- ja eristysmateriaalien k\u00e4sittely, mukaan lukien erilaisista elastisista rullalevymateriaaleista valmistettujen tiivisteiden ja tiivistenauhojen valmistus ja tukkumyynti. Tuotteidemme l\u00e4ht\u00f6aineet tulevat kaikki alansa johtavilta L\u00e4nsi-Euroopan tehtailta \u2013 t\u00e4m\u00e4 on my\u00f6s tae tuotteidemme korkeasta laadusta. Asiakkaamme ovat jo tottuneet yrityksen nopeaan toimintaan, eritt\u00e4in nopeisiin toimituksiin ja kaikkien tarjottavien tuotteiden korkeaan laatuun.<\/p><p>Merkitt\u00e4v\u00e4 osa tuotannostamme menee vientiin.<\/p><p>Tule ja liity asiakkaidemme joukkoon! Ja jos et heti l\u00f6yd\u00e4 oikeaa tuotetta t\u00e4st\u00e4 tuotevalikoimasta, kysy vain!<\/p><p><span style=\"color: #dc3545;\"><strong>Valmistamme kaikki tuotteemme \"r\u00e4\u00e4t\u00e4l\u00f6ityn\u00e4\" eli kaikki varastossa olevat tiivistemateriaalit ovat asiakkaan tilattavissa tarvitsemaansa kokoon!<\/strong><\/span><\/p>\t\t\t\t\t\t\t\t<\/div>\n\t\t\t\t<\/div>\n\t\t\t\t\t<\/div>\n\t\t<\/div>\n\t\t\t\t\t<\/div>\n\t\t<\/section>\n\t\t\t\t<\/div>","protected":false},"excerpt":{"rendered":"<p>FIXUS TRADE O\u00dc\u00a0on 2009. aastal asutatud Eesti kapitalil p\u00f5hinev ettev\u00f5te, mille omanikel ja t\u00f6\u00f6tajatel on t\u00e4naseks v\u00e4ga pikaajaline erialane kogemus. Ettev\u00f5tte p\u00f5hitegevusalaks on tihendus- ja isolatsioonimaterjalide t\u00f6\u00f6tlemine, sealhulgas erinevatest elastsetest rull-lehtmaterjalidest tihendite ja tihenduslintide tootmine ning hulgim\u00fc\u00fck. Meie toodete l\u00e4htematerjalid p\u00e4rinevad k\u00f5ik L\u00e4\u00e4ne-Euroopa oma ala juhtivatelt tehastelt- see on \u00fchtlasi ka meie toodangu k\u00f5rge kvaliteedi &#8230; <a href=\"https:\/\/fixustrade.ee\/fin\/meista\/\" class=\"more-link text-uppercase small\"><strong>Jatka lukemista<\/strong> <i class=\"fa fa-angle-double-right\" aria-hidden=\"true\"><\/i><\/a><\/p>","protected":false},"author":1,"featured_media":1374,"parent":0,"menu_order":0,"comment_status":"closed","ping_status":"closed","template":"","meta":{"footnotes":""},"class_list":["post-7225","page","type-page","status-publish","has-post-thumbnail","hentry"],"_links":{"self":[{"href":"https:\/\/fixustrade.ee\/fin\/wp-json\/wp\/v2\/pages\/7225","targetHints":{"allow":["GET"]}}],"collection":[{"href":"https:\/\/fixustrade.ee\/fin\/wp-json\/wp\/v2\/pages"}],"about":[{"href":"https:\/\/fixustrade.ee\/fin\/wp-json\/wp\/v2\/types\/page"}],"author":[{"embeddable":true,"href":"https:\/\/fixustrade.ee\/fin\/wp-json\/wp\/v2\/users\/1"}],"replies":[{"embeddable":true,"href":"https:\/\/fixustrade.ee\/fin\/wp-json\/wp\/v2\/comments?post=7225"}],"version-history":[{"count":14,"href":"https:\/\/fixustrade.ee\/fin\/wp-json\/wp\/v2\/pages\/7225\/revisions"}],"predecessor-version":[{"id":7652,"href":"https:\/\/fixustrade.ee\/fin\/wp-json\/wp\/v2\/pages\/7225\/revisions\/7652"}],"wp:featuredmedia":[{"embeddable":true,"href":"https:\/\/fixustrade.ee\/fin\/wp-json\/wp\/v2\/media\/1374"}],"wp:attachment":[{"href":"https:\/\/fixustrade.ee\/fin\/wp-json\/wp\/v2\/media?parent=7225"}],"curies":[{"name":"wp","href":"https:\/\/api.w.org\/{rel}","templated":true}]}}