{"id":7252,"date":"2023-03-19T12:25:53","date_gmt":"2023-03-19T10:25:53","guid":{"rendered":"https:\/\/fixustrade.ee\/?page_id=7252"},"modified":"2024-01-09T14:13:53","modified_gmt":"2024-01-09T12:13:53","slug":"tihendid-ja-tooted","status":"publish","type":"page","link":"https:\/\/fixustrade.ee\/fin\/7252-revision-v1-2\/","title":{"rendered":"Tiivisteet ja tuotteet"},"content":{"rendered":"<div data-elementor-type=\"wp-page\" data-elementor-id=\"7252\" class=\"elementor elementor-7252\" data-elementor-post-type=\"page\">\n\t\t\t\t\t\t<section class=\"elementor-section elementor-top-section elementor-element elementor-element-33453c9 elementor-section-boxed elementor-section-height-default elementor-section-height-default\" data-id=\"33453c9\" data-element_type=\"section\" data-e-type=\"section\">\n\t\t\t\t\t\t<div class=\"elementor-container elementor-column-gap-default\">\n\t\t\t\t\t<div class=\"elementor-column elementor-col-100 elementor-top-column elementor-element elementor-element-4e0de08c\" data-id=\"4e0de08c\" data-element_type=\"column\" data-e-type=\"column\">\n\t\t\t<div class=\"elementor-widget-wrap elementor-element-populated\">\n\t\t\t\t\t\t<div class=\"elementor-element elementor-element-59fe6a01 elementor-widget elementor-widget-woocommerce-breadcrumb\" data-id=\"59fe6a01\" data-element_type=\"widget\" data-e-type=\"widget\" data-widget_type=\"woocommerce-breadcrumb.default\">\n\t\t\t\t<div class=\"elementor-widget-container\">\n\t\t\t\t\t<nav class=\"woocommerce-breadcrumb\" aria-label=\"Breadcrumb\">Kotisivu<\/nav>\t\t\t\t<\/div>\n\t\t\t\t<\/div>\n\t\t\t\t\t<\/div>\n\t\t<\/div>\n\t\t\t\t\t<\/div>\n\t\t<\/section>\n\t\t\t\t<section class=\"elementor-section elementor-top-section elementor-element elementor-element-72f64ae4 elementor-section-boxed elementor-section-height-default elementor-section-height-default\" data-id=\"72f64ae4\" data-element_type=\"section\" data-e-type=\"section\">\n\t\t\t\t\t\t<div class=\"elementor-container elementor-column-gap-default\">\n\t\t\t\t\t<div class=\"elementor-column elementor-col-100 elementor-top-column elementor-element elementor-element-1e996bb\" data-id=\"1e996bb\" data-element_type=\"column\" data-e-type=\"column\">\n\t\t\t<div class=\"elementor-widget-wrap elementor-element-populated\">\n\t\t\t\t\t\t<div class=\"elementor-element elementor-element-7f526b90 elementor-grid-3 elementor-grid-mobile-2 elementor-product-loop-item--align-center elementor-grid-tablet-3 elementor-products-grid elementor-wc-products elementor-widget elementor-widget-wc-categories\" data-id=\"7f526b90\" data-element_type=\"widget\" data-e-type=\"widget\" data-settings=\"{&quot;_animation&quot;:&quot;none&quot;}\" data-widget_type=\"wc-categories.default\">\n\t\t\t\t<div class=\"elementor-widget-container\">\n\t\t\t\t\t<div class=\"woocommerce columns-3\"><ul class=\"products elementor-grid columns-3\">\n<li class=\"product-category product first\">\n\t<a aria-label=\"Visit product category Iseliimuvad tihenduslindid\" href=\"https:\/\/fixustrade.ee\/fin\/tuote-osasto\/tiivisteet\/tiivisteet-itseliimautuvat-tiivistenauhat\/\"><img fetchpriority=\"high\" decoding=\"async\" src=\"https:\/\/fixustrade.ee\/wp-content\/uploads\/2021\/03\/kark_pvc-300x200.jpg\" alt=\"Itseliimautuvat tiivistenauhat\" width=\"300\" height=\"200\" srcset=\"https:\/\/fixustrade.ee\/wp-content\/uploads\/2021\/03\/kark_pvc-300x200.jpg 300w, https:\/\/fixustrade.ee\/wp-content\/uploads\/2021\/03\/kark_pvc.jpg 500w\" sizes=\"(max-width: 300px) 100vw, 300px\" title=\"\">\t\t<h2 class=\"woocommerce-loop-category__title img-responsive\">\n\t\t\tItseliimautuvat tiivistenauhat <mark class=\"count\">(3)<\/mark>\t\t<\/h2>\n\t\t<\/a><\/li>\n<li class=\"product-category product\">\n\t<a aria-label=\"Visit product category Aknatihendid ja uksetihendid\" href=\"https:\/\/fixustrade.ee\/fin\/tuote-osasto\/tiivisteet\/ikkunatiivisteet-ja-ovitiivisteet\/\"><img decoding=\"async\" src=\"https:\/\/fixustrade.ee\/wp-content\/uploads\/2023\/03\/EPDM-vahtkummist-iseliimuvad-uldtihendid2-300x200.jpg\" alt=\"Ikkunatiivisteet ja ovitiivisteet\" width=\"300\" height=\"200\" srcset=\"https:\/\/fixustrade.ee\/wp-content\/uploads\/2023\/03\/EPDM-vahtkummist-iseliimuvad-uldtihendid2-300x200.jpg 300w, https:\/\/fixustrade.ee\/wp-content\/uploads\/2023\/03\/EPDM-vahtkummist-iseliimuvad-uldtihendid2-18x12.jpg 18w, https:\/\/fixustrade.ee\/wp-content\/uploads\/2023\/03\/EPDM-vahtkummist-iseliimuvad-uldtihendid2.jpg 372w\" sizes=\"(max-width: 300px) 100vw, 300px\" title=\"\">\t\t<h2 class=\"woocommerce-loop-category__title img-responsive\">\n\t\t\tIkkunatiivisteet ja ovitiivisteet <mark class=\"count\">(2)<\/mark>\t\t<\/h2>\n\t\t<\/a><\/li>\n<li class=\"product-category product last\">\n\t<a aria-label=\"Visit product category Katusetihendid\" href=\"https:\/\/fixustrade.ee\/fin\/tuote-osasto\/tiivisteet\/kattotiivisteet\/\"><img decoding=\"async\" src=\"https:\/\/fixustrade.ee\/wp-content\/uploads\/2024\/02\/katusetihendid-300x200.jpg\" alt=\"Kattotiivisteet\" width=\"300\" height=\"200\" srcset=\"https:\/\/fixustrade.ee\/wp-content\/uploads\/2024\/02\/katusetihendid-300x200.jpg 300w, https:\/\/fixustrade.ee\/wp-content\/uploads\/2024\/02\/katusetihendid-18x12.jpg 18w, https:\/\/fixustrade.ee\/wp-content\/uploads\/2024\/02\/katusetihendid.jpg 500w\" sizes=\"(max-width: 300px) 100vw, 300px\" title=\"\">\t\t<h2 class=\"woocommerce-loop-category__title img-responsive\">\n\t\t\tKattotiivisteet <mark class=\"count\">(4)<\/mark>\t\t<\/h2>\n\t\t<\/a><\/li>\n<li class=\"product-category product first\">\n\t<a aria-label=\"Visit product category Ehitustarindite tihendid\" href=\"https:\/\/fixustrade.ee\/fin\/tuote-osasto\/tiivisteet\/rakenteiden-tiivistenauhat\/\"><img loading=\"lazy\" decoding=\"async\" src=\"https:\/\/fixustrade.ee\/wp-content\/uploads\/2021\/03\/fixpm_1-300x200.jpg\" alt=\"Rakenteiden tiivistenauhat\" width=\"300\" height=\"200\" srcset=\"https:\/\/fixustrade.ee\/wp-content\/uploads\/2021\/03\/fixpm_1-300x200.jpg 300w, https:\/\/fixustrade.ee\/wp-content\/uploads\/2021\/03\/fixpm_1.jpg 500w\" sizes=\"(max-width: 300px) 100vw, 300px\" title=\"\">\t\t<h2 class=\"woocommerce-loop-category__title img-responsive\">\n\t\t\tRakenteiden tiivistenauhat <mark class=\"count\">(3)<\/mark>\t\t<\/h2>\n\t\t<\/a><\/li>\n<li class=\"product-category product\">\n\t<a aria-label=\"Visit product category Tulet\u00f5kketihendid\" href=\"https:\/\/fixustrade.ee\/fin\/tuote-osasto\/tiivisteet\/palotiivisteet\/\"><img loading=\"lazy\" decoding=\"async\" src=\"https:\/\/fixustrade.ee\/wp-content\/uploads\/2021\/03\/inter-300x200.jpg\" alt=\"Palotiivisteet\" width=\"300\" height=\"200\" srcset=\"https:\/\/fixustrade.ee\/wp-content\/uploads\/2021\/03\/inter-300x200.jpg 300w, https:\/\/fixustrade.ee\/wp-content\/uploads\/2021\/03\/inter.jpg 500w\" sizes=\"(max-width: 300px) 100vw, 300px\" title=\"\">\t\t<h2 class=\"woocommerce-loop-category__title img-responsive\">\n\t\t\tPalotiivisteet <mark class=\"count\">(2)<\/mark>\t\t<\/h2>\n\t\t<\/a><\/li>\n<li class=\"product-category product last\">\n\t<a aria-label=\"Visit product category Paisuvad tihendid\" href=\"https:\/\/fixustrade.ee\/fin\/tuote-osasto\/tiivisteet\/paisuvat-tiivisteet\/\"><img loading=\"lazy\" decoding=\"async\" src=\"https:\/\/fixustrade.ee\/wp-content\/uploads\/2021\/03\/fixform-300x200.jpg\" alt=\"Paisuvat tiivisteet\" width=\"300\" height=\"200\" srcset=\"https:\/\/fixustrade.ee\/wp-content\/uploads\/2021\/03\/fixform-300x200.jpg 300w, https:\/\/fixustrade.ee\/wp-content\/uploads\/2021\/03\/fixform-600x400.jpg 600w, https:\/\/fixustrade.ee\/wp-content\/uploads\/2021\/03\/fixform-768x512.jpg 768w, https:\/\/fixustrade.ee\/wp-content\/uploads\/2021\/03\/fixform-750x500.jpg 750w, https:\/\/fixustrade.ee\/wp-content\/uploads\/2021\/03\/fixform.jpg 1024w\" sizes=\"(max-width: 300px) 100vw, 300px\" title=\"\">\t\t<h2 class=\"woocommerce-loop-category__title img-responsive\">\n\t\t\tPaisuvat tiivisteet <mark class=\"count\">(1)<\/mark>\t\t<\/h2>\n\t\t<\/a><\/li>\n<li class=\"product-category product first\">\n\t<a aria-label=\"Visit product category Harjastihendid\" href=\"https:\/\/fixustrade.ee\/fin\/tuote-osasto\/tiivisteet\/harjatiivisteet\/\"><img loading=\"lazy\" decoding=\"async\" src=\"https:\/\/fixustrade.ee\/wp-content\/uploads\/2021\/03\/stribo_work-1-300x200.jpg\" alt=\"Harjatiivisteet\" width=\"300\" height=\"200\" title=\"\">\t\t<h2 class=\"woocommerce-loop-category__title img-responsive\">\n\t\t\tHarjatiivisteet <mark class=\"count\">(2)<\/mark>\t\t<\/h2>\n\t\t<\/a><\/li>\n<li class=\"product-category product\">\n\t<a aria-label=\"Visit product category But\u00fc\u00fcltihendid\" href=\"https:\/\/fixustrade.ee\/fin\/tuote-osasto\/tiivisteet\/butyylitiivisteet\/\"><img loading=\"lazy\" decoding=\"async\" src=\"https:\/\/fixustrade.ee\/wp-content\/uploads\/2021\/03\/but_1-300x200.jpg\" alt=\"Butyylitiivisteet\" width=\"300\" height=\"200\" srcset=\"https:\/\/fixustrade.ee\/wp-content\/uploads\/2021\/03\/but_1-300x200.jpg 300w, https:\/\/fixustrade.ee\/wp-content\/uploads\/2021\/03\/but_1-600x400.jpg 600w, https:\/\/fixustrade.ee\/wp-content\/uploads\/2021\/03\/but_1-768x512.jpg 768w, https:\/\/fixustrade.ee\/wp-content\/uploads\/2021\/03\/but_1-750x500.jpg 750w, https:\/\/fixustrade.ee\/wp-content\/uploads\/2021\/03\/but_1.jpg 1024w\" sizes=\"(max-width: 300px) 100vw, 300px\" title=\"\">\t\t<h2 class=\"woocommerce-loop-category__title img-responsive\">\n\t\t\tButyylitiivisteet <mark class=\"count\">(1)<\/mark>\t\t<\/h2>\n\t\t<\/a><\/li>\n<li class=\"product-category product last\">\n\t<a aria-label=\"Visit product category U-tihendid\" href=\"https:\/\/fixustrade.ee\/fin\/tuote-osasto\/tiivisteet\/u-tiivisteet\/\"><img loading=\"lazy\" decoding=\"async\" src=\"https:\/\/fixustrade.ee\/wp-content\/uploads\/2021\/04\/u-tihend-300x200.jpg\" alt=\"U-tiivisteet\" width=\"300\" height=\"200\" title=\"\">\t\t<h2 class=\"woocommerce-loop-category__title img-responsive\">\n\t\t\tU-tiivisteet <mark class=\"count\">(1)<\/mark>\t\t<\/h2>\n\t\t<\/a><\/li>\n<\/ul>\n<\/div>\t\t\t\t<\/div>\n\t\t\t\t<\/div>\n\t\t\t\t\t<\/div>\n\t\t<\/div>\n\t\t\t\t\t<\/div>\n\t\t<\/section>\n\t\t\t\t<section class=\"elementor-section elementor-top-section elementor-element elementor-element-318e44a elementor-section-boxed elementor-section-height-default elementor-section-height-default\" data-id=\"318e44a\" data-element_type=\"section\" data-e-type=\"section\">\n\t\t\t\t\t\t<div class=\"elementor-container elementor-column-gap-default\">\n\t\t\t\t\t<div class=\"elementor-column elementor-col-100 elementor-top-column elementor-element elementor-element-17ed275\" data-id=\"17ed275\" data-element_type=\"column\" data-e-type=\"column\">\n\t\t\t<div class=\"elementor-widget-wrap elementor-element-populated\">\n\t\t\t\t\t\t<div class=\"elementor-element elementor-element-fd8bf4a elementor-widget elementor-widget-text-editor\" data-id=\"fd8bf4a\" data-element_type=\"widget\" data-e-type=\"widget\" data-widget_type=\"text-editor.default\">\n\t\t\t\t<div class=\"elementor-widget-container\">\n\t\t\t\t\t\t\t\t\t<h2><span style=\"color: #ffffff;\">Tiivistys perustuksista kattoon!<\/span><\/h2><p><span style=\"color: #ffffff;\">Tiivistysaineet kaikkiin teollisuuden ja rakentamisen profiileihin. Tiivisteiden ja tiivistenauhojen valmistus. Tiivistenauhat, itseliimautuvat tiivistenauhat, profiilitiivisteet, ikkunatiivisteet ja ovitiivisteet, kattotiivisteet, karmitiivisteet, runkotiivisteet, runkotiivisteet, laajenevat, itsest\u00e4\u00e4n laajenevat tiivisteet jne.<\/span><\/p><p><span style=\"color: #ffffff;\">Vakiokokojen lis\u00e4ksi useimmista edell\u00e4 mainituista materiaaleista voidaan valmistaa tiivistysvuori asiakkaan pyyt\u00e4mien mittojen (leveyden) mukaisesti. Koska materiaalien erilaisista fysikaalisista ja mekaanisista ominaisuuksista johtuva k\u00e4ytt\u00f6alue on hyvin laaja, samaan tarkoitukseen voidaan k\u00e4ytt\u00e4\u00e4 eri materiaaleja asiakkaan erityistarpeen, soveltuvuuden tai mahdollisuuksien mukaan. Materiaalien ominaisuuksien ja kest\u00e4vyysominaisuuksien kuvauksessa annetut keskim\u00e4\u00e4r\u00e4iset arvot on saatu ja mitattu erityisill\u00e4 menetelmill\u00e4 ja keskim\u00e4\u00e4r\u00e4isiss\u00e4 ymp\u00e4rist\u00f6olosuhteissa, ja ne ovat siksi informatiivisia.<\/span><\/p><p><span style=\"color: #ffffff;\">Kuluttajan teht\u00e4v\u00e4n\u00e4 on p\u00e4\u00e4tt\u00e4\u00e4 tiivisteiden ja tiivistenauhojen soveltuvuudesta tiettyyn k\u00e4ytt\u00f6tarkoitukseen, sill\u00e4 tuotteiden k\u00e4ytt\u00f6\u00f6n ja suorituskykyyn vaikuttavat monet l\u00e4hdemateriaalin valmistajasta ja Fixus Trade O\u00dc:st\u00e4 riippumattomat tekij\u00e4t, kuten asennus- ja k\u00e4ytt\u00f6olosuhteet, k\u00e4ytt\u00f6aika ja ymp\u00e4rist\u00f6olosuhteet, jotka ovat vain k\u00e4ytt\u00e4j\u00e4n tiedossa ja todennettavissa.Tuotteiden p\u00e4\u00e4k\u00e4ytt\u00f6kohteiden kuvaukset ovat varmasti avuksi, kun halutaan p\u00e4\u00e4tt\u00e4\u00e4 tarpeisiin parhaiten soveltuvasta tuotteesta, mutta t\u00e4m\u00e4 ei est\u00e4 niiden k\u00e4ytt\u00f6\u00e4 muihin tarkoituksiin ja muissa k\u00e4ytt\u00e4j\u00e4lle soveltuvissa kohteissa.<\/span><\/p><p><span style=\"color: #ffffff;\"><strong>FIXUS TRADE O\u00dc<\/strong> on vuonna 2009 perustettu virolaiseen p\u00e4\u00e4omaan perustuva yritys, jonka omistajilla ja ty\u00f6ntekij\u00f6ill\u00e4 on eritt\u00e4in pitk\u00e4 ty\u00f6kokemus. Yrityksen ydinliiketoiminta on tiivistys- ja eristysmateriaalien jalostus, mukaan lukien tiivisteiden ja tiivistenauhojen valmistus ja tukkumyynti erilaisista elastisista rullalevymateriaaleista. Tuotteidemme raaka-aineet hankitaan kaikki alansa johtavilta tehtailta L\u00e4nsi-Euroopassa, mik\u00e4 takaa my\u00f6s tuotteidemme korkean laadun. Olemme ainoa yritys Virossa, jolla on t\u00e4llainen toimintaprofiili, ja asiakkaamme ovat jo tottuneet yrityksen operatiiviseen toimintaan, eritt\u00e4in nopeisiin toimituksiin ja kaikkien tarjoamiemme tuotteiden korkeaan laatuun.<\/span><\/p><h3><span style=\"color: #ffffff;\"><strong>Koska valmistamme tiivisteit\u00e4 ja kumituotteita \"r\u00e4\u00e4t\u00e4l\u00f6ityn\u00e4\", eli asiakas voi tilata kaikki varastossa olevat tiivistemateriaalit haluamassaan koossa!<\/strong><\/span><\/h3>\t\t\t\t\t\t\t\t<\/div>\n\t\t\t\t<\/div>\n\t\t\t\t\t<\/div>\n\t\t<\/div>\n\t\t\t\t\t<\/div>\n\t\t<\/section>\n\t\t\t\t<\/div>","protected":false},"excerpt":{"rendered":"<p>Tihendid vundamendist katuseni! Tihendeid igale t\u00f6\u00f6stus- ja ehitusprofile. Tihendite, tihenduslintide tootmine. Kummitooted ja vahtteibid.Tihenduslint, iseliimuvad tihenduslindid, profiiltihendid, aknatihendid ja uksetihendid, katusetihendid, karkassitihend, karkassitihendid, paisuvad, isepaisuv tihend jpm. Enamusest eelmainitud materjalidest on lisaks standardm\u00f5\u00f5tu toodetele v\u00f5imalik valmistada tihenduslinte vastavalt kliendi soovitud tellimism\u00f5\u00f5tudele(laiusele). Et s\u00f5ltuvalt erinevatest f\u00fc\u00fcsikalistest ja mehaanilistest omadustest on materjalide kasutusvaldkond v\u00e4ga lai, siis v\u00f5ib &#8230; <a href=\"https:\/\/fixustrade.ee\/fin\/7252-revision-v1-2\/\" class=\"more-link text-uppercase small\"><strong>Jatka lukemista<\/strong> <i class=\"fa fa-angle-double-right\" aria-hidden=\"true\"><\/i><\/a><\/p>","protected":false},"author":1,"featured_media":6461,"parent":0,"menu_order":0,"comment_status":"closed","ping_status":"closed","template":"","meta":{"footnotes":""},"class_list":["post-7252","page","type-page","status-publish","has-post-thumbnail","hentry"],"_links":{"self":[{"href":"https:\/\/fixustrade.ee\/fin\/wp-json\/wp\/v2\/pages\/7252","targetHints":{"allow":["GET"]}}],"collection":[{"href":"https:\/\/fixustrade.ee\/fin\/wp-json\/wp\/v2\/pages"}],"about":[{"href":"https:\/\/fixustrade.ee\/fin\/wp-json\/wp\/v2\/types\/page"}],"author":[{"embeddable":true,"href":"https:\/\/fixustrade.ee\/fin\/wp-json\/wp\/v2\/users\/1"}],"replies":[{"embeddable":true,"href":"https:\/\/fixustrade.ee\/fin\/wp-json\/wp\/v2\/comments?post=7252"}],"version-history":[{"count":14,"href":"https:\/\/fixustrade.ee\/fin\/wp-json\/wp\/v2\/pages\/7252\/revisions"}],"predecessor-version":[{"id":7526,"href":"https:\/\/fixustrade.ee\/fin\/wp-json\/wp\/v2\/pages\/7252\/revisions\/7526"}],"wp:featuredmedia":[{"embeddable":true,"href":"https:\/\/fixustrade.ee\/fin\/wp-json\/wp\/v2\/media\/6461"}],"wp:attachment":[{"href":"https:\/\/fixustrade.ee\/fin\/wp-json\/wp\/v2\/media?parent=7252"}],"curies":[{"name":"wp","href":"https:\/\/api.w.org\/{rel}","templated":true}]}}