{"id":7350,"date":"2023-03-23T18:48:21","date_gmt":"2023-03-23T16:48:21","guid":{"rendered":"https:\/\/fixustrade.ee\/?page_id=7350"},"modified":"2023-03-23T19:07:29","modified_gmt":"2023-03-23T17:07:29","slug":"privaatsuspoliitika","status":"publish","type":"page","link":"https:\/\/fixustrade.ee\/fin\/tietosuojakaytanto\/","title":{"rendered":"Tietosuojak\u00e4yt\u00e4nt\u00f6"},"content":{"rendered":"<div data-elementor-type=\"wp-page\" data-elementor-id=\"7350\" class=\"elementor elementor-7350\" data-elementor-post-type=\"page\">\n\t\t\t\t\t\t<section class=\"elementor-section elementor-top-section elementor-element elementor-element-571a68e elementor-section-boxed elementor-section-height-default elementor-section-height-default\" data-id=\"571a68e\" data-element_type=\"section\" data-e-type=\"section\">\n\t\t\t\t\t\t<div class=\"elementor-container elementor-column-gap-default\">\n\t\t\t\t\t<div class=\"elementor-column elementor-col-100 elementor-top-column elementor-element elementor-element-9bd2c92\" data-id=\"9bd2c92\" data-element_type=\"column\" data-e-type=\"column\">\n\t\t\t<div class=\"elementor-widget-wrap elementor-element-populated\">\n\t\t\t\t\t\t<div class=\"elementor-element elementor-element-4f01d39 elementor-widget elementor-widget-text-editor\" data-id=\"4f01d39\" data-element_type=\"widget\" data-e-type=\"widget\" data-widget_type=\"text-editor.default\">\n\t\t\t\t<div class=\"elementor-widget-container\">\n\t\t\t\t\t\t\t\t\t<p><strong>Tietosuojak\u00e4yt\u00e4nt\u00f6<\/strong><br \/>GDPR Privacy Policy Factsheet, jossa kerrotaan lukijoille uudesta eurooppalaisesta tietosuojauudistuksesta ja yleisest\u00e4 tietosuoja-asetuksesta.<\/p><p>Koska t\u00e4m\u00e4n verkkosivuston tarkoituksena on lis\u00e4t\u00e4 tietoisuutta tietosuojaan ja yksityisyyteen liittyvist\u00e4 kysymyksist\u00e4 lukijakuntamme keskuudessa, emme ker\u00e4\u00e4 tai tallenna mit\u00e4\u00e4n tietoja, joita emme tied\u00e4 sinusta ja joita voitaisiin k\u00e4ytt\u00e4\u00e4 tunnistamiseen tai paikantamiseen tai jotka voisivat muuten vaikuttaa yksityisyyteesi. Emme my\u00f6sk\u00e4\u00e4n salli kolmansien osapuolten palveluiden tai ohjelmistojen tehd\u00e4 t\u00e4t\u00e4 verkkosivustomme kautta.<\/p><p>K\u00e4sittelemme henkil\u00f6tietoja EU:n yleisen tietosuoja-asetuksen (GDPR, EU 2016\/679) ja Viron tasavallan lakien mukaisesti. Emme k\u00e4sittele GDPR-asetuksessa m\u00e4\u00e4riteltyj\u00e4 arkaluonteisia henkil\u00f6tietoja. Tietosuojaselosteessamme selitet\u00e4\u00e4n, miten ja miksi ker\u00e4\u00e4mme ja k\u00e4sittelemme henkil\u00f6tietoja.<\/p><p><strong>Mit\u00e4 henkil\u00f6tietoja ker\u00e4\u00e4mme?<\/strong><br \/>Henkil\u00f6tietojasi ei ker\u00e4t\u00e4, kun luet t\u00e4t\u00e4 tietosuojak\u00e4yt\u00e4nt\u00f6\u00e4.<\/p><p><strong>Kun t\u00e4yt\u00e4t yhteydenottolomakkeen:<\/strong><\/p><p>Nimi, s\u00e4hk\u00f6postiosoite, aihe ja tuotetiedustelu.<\/p><p><strong>Miksi ker\u00e4\u00e4mme ja k\u00e4sittelemme henkil\u00f6tietoja?<\/strong><br \/>Ker\u00e4\u00e4mme ja k\u00e4sittelemme henkil\u00f6tietoja seuraaviin tarkoituksiin:<\/p><p>antaa sinulle tietoja ja tarjouksia tuotteistamme.<\/p><p><strong>Ev\u00e4steet<\/strong><br \/>T\u00e4m\u00e4 verkkosivusto l\u00e4hett\u00e4\u00e4 tietokoneillesi ja mobiililaitteillesi pieni\u00e4 tiedostoja (\"ev\u00e4steit\u00e4\"), jotka ovat v\u00e4ltt\u00e4m\u00e4tt\u00f6mi\u00e4 t\u00e4m\u00e4n verkkosivuston toiminnalle ja nimett\u00f6mien verkkoanalyysitietojen ker\u00e4\u00e4miselle.<\/p><p><strong>K\u00e4ytet\u00e4\u00e4n niit\u00e4 seuraavasti:<\/strong><\/p><p>Ker\u00e4\u00e4mme ja analysoimme nimett\u00f6mi\u00e4 verkkotilastoja siit\u00e4, miten k\u00e4ytt\u00e4j\u00e4t liikkuvat verkkosivustolla. Teemme t\u00e4m\u00e4n Google Analytics -ohjelmistolla, joka k\u00e4sittelee tietoja nimett\u00f6m\u00e4sti eik\u00e4 ker\u00e4\u00e4 tai k\u00e4sittele henkil\u00f6tietoja.<\/p><p><strong>Kenelle tietoja siirret\u00e4\u00e4n?<\/strong><br \/>K\u00e4sittelemme henkil\u00f6tietojasi luottamuksellisesti emmek\u00e4 luovuta niit\u00e4 kenellek\u00e4\u00e4n muulle henkil\u00f6lle tai yritykselle.<\/p><p><strong>Henkil\u00f6tietojen siirto EU:n ulkopuolelle<\/strong><br \/>Emme siirr\u00e4 henkil\u00f6tietojasi Euroopan unionin tai Euroopan talousalueen (ETA) ulkopuolelle.<\/p><p><strong>Tietoturva<\/strong><br \/>Pyrimme suojaamaan tietojasi luvattomalta k\u00e4yt\u00f6lt\u00e4 tai luvattomalta muuttamiselta, paljastamiselta tai rikkomukselta.<\/p><p><strong>Tietojesi suojaamiseksi teemme seuraavaa:<\/strong><\/p><p>K\u00e4sittelemme kaikkia henkil\u00f6tietoja luottamuksellisina.<br \/>K\u00e4yt\u00e4mme vain SSL-salauksella salattuja palveluja.<br \/>Rajoitamme p\u00e4\u00e4sy\u00e4 henkil\u00f6tietoihin my\u00f6nt\u00e4m\u00e4ll\u00e4 p\u00e4\u00e4syn vain niille ty\u00f6ntekij\u00f6ille ja toimeksisaajille, jotka tarvitsevat tietoja niiden k\u00e4sittelemiseksi, joita koskevat tiukat sopimusperusteiset salassapitovelvoitteet ja joita voidaan rangaista tai joiden sopimus voidaan purkaa, jos he eiv\u00e4t noudata n\u00e4it\u00e4 velvoitteita.<br \/>S\u00e4ilyt\u00e4mme henkil\u00f6tietoja p\u00e4\u00e4asiassa digitaalisessa muodossa paperin sijasta, jotta p\u00e4\u00e4synvalvonta on turvallisempaa.<br \/>Tietovarasto on suojattu tarvittavilla tietoteknisill\u00e4 ja organisatorisilla suojatoimilla.<br \/>Vaikka sovellamme tiukkoja turvallisuuss\u00e4\u00e4nt\u00f6j\u00e4 vastaanottamiimme henkil\u00f6tietoihin, on huomattava, ett\u00e4 internet ei ole koskaan t\u00e4ysin turvallinen, emmek\u00e4 voi taata meille l\u00e4hett\u00e4miesi tietojen turvallisuutta. L\u00e4hett\u00e4miesi tietojen turvallisuus on aina omalla vastuullasi.<\/p><p><strong>Mit\u00e4 oikeuksia sinulla on ja miten voit k\u00e4ytt\u00e4\u00e4 niit\u00e4?<\/strong><br \/>Jos olet antanut suostumuksesi henkil\u00f6tietojesi ker\u00e4\u00e4miseen, k\u00e4sittelyyn ja k\u00e4ytt\u00f6\u00f6n tietyill\u00e4 tavoilla, voit peruuttaa suostumuksesi milloin tahansa tulevaisuudessa.<\/p><p><strong>Sovellettavan tietosuojalains\u00e4\u00e4d\u00e4nn\u00f6n mukaisesti sinulla on oikeus:<\/strong><\/p><p>Pyyd\u00e4 p\u00e4\u00e4sy\u00e4 henkil\u00f6tietoihisi.<br \/>Pyyd\u00e4 henkil\u00f6tietojesi korjaamista.<br \/>Pyyd\u00e4 henkil\u00f6tietojesi poistamista.<br \/>Pyyd\u00e4 henkil\u00f6tietojesi k\u00e4sittelyn rajoittamista.<br \/>Pyyd\u00e4 henkil\u00f6tietojesi siirtoa.<br \/>Pyyd\u00e4 peruuttamaan suostumuksesi henkil\u00f6tietojesi k\u00e4sittelyyn.<br \/>Vastustaa automaattista p\u00e4\u00e4t\u00f6ksentekoa (mukaan lukien profilointi).<br \/>Sovelluksen avulla henkil\u00f6llisyytesi on voitava tunnistaa yksiselitteisesti. Jos haluat k\u00e4ytt\u00e4\u00e4 oikeuksiasi ja esitt\u00e4\u00e4 pyynt\u00f6si, ota meihin yhteytt\u00e4 kohdassa (\"Ota yhteytt\u00e4\") esitetyll\u00e4 tavalla.<\/p><p>Huomaa, ett\u00e4 voit pyyt\u00e4\u00e4 henkil\u00f6tietojesi poistamista, niiden k\u00e4sittelyn rajoittamista tai muita toimenpiteit\u00e4 vain, jos sinulla on siihen laillinen peruste ja jos se on tietosuojalains\u00e4\u00e4d\u00e4nn\u00f6n mukaista.<\/p><p>Valitustapauksessa sinulla on oikeus tehd\u00e4 valitus toimivaltaiselle tietosuojaviranomaiselle. Teemme yhteisty\u00f6t\u00e4 asiaankuuluvien s\u00e4\u00e4ntelyviranomaisten kanssa, mukaan lukien paikalliset tietosuojaviranomaiset, henkil\u00f6tietojen siirtoa koskevien valitusten ratkaisemiseksi.<\/p><p><strong>Kuinka kauan s\u00e4ilyt\u00e4mme henkil\u00f6tietojasi?<\/strong><br \/>Henkil\u00f6tietojasi s\u00e4ilytet\u00e4\u00e4n niin kauan kuin se on tarpeen pyyt\u00e4miesi palvelujen tarjoamiseksi. Jos henkil\u00f6tietojasi ei ole k\u00e4ytetty kolmeen per\u00e4kk\u00e4iseen vuoteen, poistamme henkil\u00f6tietosi tai teemme henkil\u00f6tiedoistasi anonyymej\u00e4, ellei pakollisia s\u00e4ilytt\u00e4misvaatimuksia sovelleta.<\/p><p>Nimett\u00f6m\u00e4n\u00e4 ker\u00e4ttyj\u00e4 tietoja s\u00e4ilytet\u00e4\u00e4n m\u00e4\u00e4r\u00e4\u00e4m\u00e4tt\u00f6m\u00e4n ajan.<\/p><p><strong>Tietosuojak\u00e4yt\u00e4nn\u00f6n ehdot ja muutokset<\/strong><br \/>K\u00e4ytt\u00e4m\u00e4ll\u00e4 t\u00e4t\u00e4 verkkosivustoa olet lukenut ja hyv\u00e4ksynyt n\u00e4m\u00e4 ehdot.<\/p><p>Tietosuojak\u00e4yt\u00e4nt\u00f6mme voi muuttua aika ajoin. Emme poikkea tietosuojak\u00e4yt\u00e4nt\u00f6mme mukaisista oikeuksistasi ilman nimenomaista suostumustasi. Julkaisemme ilmoituksen kaikista tietosuojak\u00e4yt\u00e4nt\u00f6mme muutoksista t\u00e4ll\u00e4 sivulla ja annamme tarkemman ilmoituksen, jos kyseess\u00e4 on merkitt\u00e4v\u00e4 muutos.<\/p><p><strong>Ota yhteytt\u00e4<\/strong><br \/>Jos sinulla on huolenaiheita tai kysymyksi\u00e4 t\u00e4st\u00e4 tietosuojak\u00e4yt\u00e4nn\u00f6st\u00e4, ota yhteytt\u00e4:<\/p><p><a href=\"mailto:info@fixustrade.ee\">info@fixustrade.ee\u00a0<\/a><\/p><p>Puhelin +372 677 1199<\/p>\t\t\t\t\t\t\t\t<\/div>\n\t\t\t\t<\/div>\n\t\t\t\t\t<\/div>\n\t\t<\/div>\n\t\t\t\t\t<\/div>\n\t\t<\/section>\n\t\t\t\t<\/div>","protected":false},"excerpt":{"rendered":"<p>Privaatsuspoliitika GDPR privaatsuspoliitika teabeleht, mis jagab lugejale infot Euroopa uue andmekaitse reformi ja isikuandmete kaitse \u00fcldm\u00e4\u00e4ruse kohta. Kuna k\u00e4esoleva veebisaidi eesm\u00e4rk on suurendada lugejaskonna teadlikkust andmekaitse ja privaatsuse valdkonnas, siis ei kogu ega salvesta me teie teadmata informatsiooni, mida v\u00f5ib kasutada teie identifitseerimiseks v\u00f5i leidmiseks, v\u00f5i mis v\u00f5iks teisiti teie privaatsust m\u00f5jutada. Lisaks ei luba &#8230; <a href=\"https:\/\/fixustrade.ee\/fin\/tietosuojakaytanto\/\" class=\"more-link text-uppercase small\"><strong>Jatka lukemista<\/strong> <i class=\"fa fa-angle-double-right\" aria-hidden=\"true\"><\/i><\/a><\/p>","protected":false},"author":1,"featured_media":0,"parent":0,"menu_order":0,"comment_status":"closed","ping_status":"closed","template":"","meta":{"footnotes":""},"class_list":["post-7350","page","type-page","status-publish","hentry"],"_links":{"self":[{"href":"https:\/\/fixustrade.ee\/fin\/wp-json\/wp\/v2\/pages\/7350","targetHints":{"allow":["GET"]}}],"collection":[{"href":"https:\/\/fixustrade.ee\/fin\/wp-json\/wp\/v2\/pages"}],"about":[{"href":"https:\/\/fixustrade.ee\/fin\/wp-json\/wp\/v2\/types\/page"}],"author":[{"embeddable":true,"href":"https:\/\/fixustrade.ee\/fin\/wp-json\/wp\/v2\/users\/1"}],"replies":[{"embeddable":true,"href":"https:\/\/fixustrade.ee\/fin\/wp-json\/wp\/v2\/comments?post=7350"}],"version-history":[{"count":23,"href":"https:\/\/fixustrade.ee\/fin\/wp-json\/wp\/v2\/pages\/7350\/revisions"}],"predecessor-version":[{"id":7373,"href":"https:\/\/fixustrade.ee\/fin\/wp-json\/wp\/v2\/pages\/7350\/revisions\/7373"}],"wp:attachment":[{"href":"https:\/\/fixustrade.ee\/fin\/wp-json\/wp\/v2\/media?parent=7350"}],"curies":[{"name":"wp","href":"https:\/\/api.w.org\/{rel}","templated":true}]}}