{"id":2871,"date":"2021-03-23T14:23:40","date_gmt":"2021-03-23T14:23:40","guid":{"rendered":"https:\/\/fixustrade.ee\/?post_type=product&#038;p=2871"},"modified":"2023-05-23T20:08:22","modified_gmt":"2023-05-23T17:08:22","slug":"butuultihendid","status":"publish","type":"product","link":"https:\/\/fixustrade.ee\/fin\/tooted\/butyylitiivisteet\/","title":{"rendered":"Butyylitiivisteet"},"content":{"rendered":"<p><span style=\"color: #ffffff;\">Butyylitiivisteet. Itseliimautuvat tiivistenauhat, ikkunatiivisteet ja ovitiivisteet, kattotiivisteet, palotiivisteet, paisuvat tiivisteet. Rakenteelliset tiivisteet.<\/span><\/p>\n<p>Butyylitiivisteet: Rakennusrakenteiden ja rakenteiden sek\u00e4 ilmanvaihtoj\u00e4rjestelmien erilaisiin lasitukseen, ilma-, p\u00f6ly- ja kosteuseristykseen (soveltuu kosteuseristyst\u00e4 vaativiin rakennesaumoihin, konttirakenteeseen), kattojen ja muiden l\u00e4pivientien tiivist\u00e4miseen, venerakentamiseen sek\u00e4 erilaisten saumojen t\u00e4ytt\u00f6\u00f6n (tiivistys) . Vedenpit\u00e4v\u00e4, hyvin tarttuva alumiiniin, metalliin, lasiin, puuhun ja muoviin mukaan lukien polyeteenille. Toisaalta alumiinifoliolla p\u00e4\u00e4llystetyt butyylitiivisteet kest\u00e4v\u00e4t erityisen hyvin UV-s\u00e4teily\u00e4 ja sopivat siksi erityisesti katto- ja kattoikkuna-aukkojen tiivist\u00e4miseen sek\u00e4 yleisiin ulko-olosuhteisiin.<\/p>","protected":false},"excerpt":{"rendered":"<p><strong>Tekniset tiedot:<\/strong><\/p>\n<p><a href=\"https:\/\/fixustrade.ee\/wp-content\/uploads\/2021\/04\/TDS-alubutuul.pdf\">TDS alubutyl.pdf<\/a><\/p>\n<p><span style=\"color: #ffffff;\">Butyylitiivisteet. Itseliimautuvat tiivistenauhat, ikkunatiivisteet ja ovitiivisteet, kattotiivisteet, palotiivisteet, paisuvat tiivisteet. Rakenteelliset tiivisteet.<\/span><\/p>","protected":false},"featured_media":59,"template":"","meta":[],"product_brand":[],"product_cat":[242],"product_tag":[],"class_list":{"0":"post-2871","1":"product","2":"type-product","3":"status-publish","4":"has-post-thumbnail","6":"product_cat-butuultihendid","8":"first","9":"instock","10":"shipping-taxable","11":"product-type-simple"},"_links":{"self":[{"href":"https:\/\/fixustrade.ee\/fin\/wp-json\/wp\/v2\/product\/2871","targetHints":{"allow":["GET"]}}],"collection":[{"href":"https:\/\/fixustrade.ee\/fin\/wp-json\/wp\/v2\/product"}],"about":[{"href":"https:\/\/fixustrade.ee\/fin\/wp-json\/wp\/v2\/types\/product"}],"version-history":[{"count":7,"href":"https:\/\/fixustrade.ee\/fin\/wp-json\/wp\/v2\/product\/2871\/revisions"}],"predecessor-version":[{"id":6006,"href":"https:\/\/fixustrade.ee\/fin\/wp-json\/wp\/v2\/product\/2871\/revisions\/6006"}],"wp:featuredmedia":[{"embeddable":true,"href":"https:\/\/fixustrade.ee\/fin\/wp-json\/wp\/v2\/media\/59"}],"wp:attachment":[{"href":"https:\/\/fixustrade.ee\/fin\/wp-json\/wp\/v2\/media?parent=2871"}],"wp:term":[{"taxonomy":"product_brand","embeddable":true,"href":"https:\/\/fixustrade.ee\/fin\/wp-json\/wp\/v2\/product_brand?post=2871"},{"taxonomy":"product_cat","embeddable":true,"href":"https:\/\/fixustrade.ee\/fin\/wp-json\/wp\/v2\/product_cat?post=2871"},{"taxonomy":"product_tag","embeddable":true,"href":"https:\/\/fixustrade.ee\/fin\/wp-json\/wp\/v2\/product_tag?post=2871"}],"curies":[{"name":"wp","href":"https:\/\/api.w.org\/{rel}","templated":true}]}}