{"id":3516,"date":"2021-03-24T17:33:53","date_gmt":"2021-03-24T17:33:53","guid":{"rendered":"https:\/\/fixustrade.ee\/?post_type=product&#038;p=3516"},"modified":"2024-03-04T23:31:33","modified_gmt":"2024-03-04T21:31:33","slug":"epdm-vahtkummist-iseliimuvad-tihendid-2","status":"publish","type":"product","link":"https:\/\/fixustrade.ee\/fin\/tooted\/epdm-solukumista-itseliimautuvat-tiivisteet-2\/","title":{"rendered":"EPDM solukumista itseliimautuvat tiivisteet"},"content":{"rendered":"<p>EPDM solukumista itseliimautuvat tiivisteet: Lasitust\u00f6ihin, ikkunoiden, ovien, luukkujen ja porttien tiivist\u00e4miseen, erilaisten rakennusrakenteiden liitosten tiivist\u00e4miseen ja erist\u00e4miseen mm. suurempien ja raskaampien julkisivup\u00e4\u00e4llystemateriaalien ja karmin v\u00e4liseen tiivistykseen, sek\u00e4 melu, ilma jne. l\u00e4mm\u00f6n ja kosteuden erist\u00e4miseen. Universaali tiiviste, jolla on eritt\u00e4in laaja k\u00e4ytt\u00f6alue. Joustava, yhdelt\u00e4 puolelta liimautuva, hyv\u00e4 tarttuvuus, vedenpit\u00e4v\u00e4 umpisoluinen EPDM solukumi.<\/p>\n<p><strong>Materiaali:<\/strong> elastinen umpisoluinen EPDM solukumi, pohja laminoitu kaksipuolisella lasikuituakryyliteipill\u00e4, suojattu irrotettavalla polyesterikalvolla, vedenpit\u00e4v\u00e4, heikkoja kemikaaleja kest\u00e4v\u00e4;<\/p>\n<p><strong>V\u00e4ri:<\/strong> musta tai valkoinen;<\/p>\n<p><strong>Tiheys:<\/strong> 120-170 kg\/m3; kovuus 40~50 shore; veden imeytyminen &lt; 2%;<\/p>\n<p><u><strong>Keskil\u00e4mp\u00f6tilan sietokyky<\/strong><\/u>: -40...+60 \u00b0C <span lang=\"EN-US\">(itseliimautuessa riippuu teipin ominaisuuksista, solukumi ilman teippi\u00e4 -30\u00b0C + 90\u00b0C),<\/span>suositeltu asennusl\u00e4mp\u00f6tila. +5\u00b0C +25\u00b0C;<\/p>","protected":false},"excerpt":{"rendered":"<p><strong>Tekniset tiedot:<\/strong><\/p>\n<p><a href=\"https:\/\/fixustrade.ee\/wp-content\/uploads\/2024\/10\/TDS-FIX-TLM_eng2.pdf\">TDS FIX-TLM_eng.pdf<\/a> | <a href=\"https:\/\/fixustrade.ee\/wp-content\/uploads\/2021\/04\/TDS-FIX-TLM_paig.pdf\">TDS-FIX-TLM_install_est.pdf<\/a> | <a href=\"https:\/\/fixustrade.ee\/wp-content\/uploads\/2024\/10\/TDS-FIX-TLV_eng.pdf\">TDS-FIX-TLV_eng.pdf<\/a> | <a href=\"https:\/\/fixustrade.ee\/wp-content\/uploads\/2021\/04\/TDS-FIX-TLV.pdf\">TDS FIX-TLV_est.pdf<\/a><\/p>","protected":false},"featured_media":20,"template":"","meta":[],"product_brand":[],"product_cat":[236],"product_tag":[],"class_list":{"0":"post-3516","1":"product","2":"type-product","3":"status-publish","4":"has-post-thumbnail","6":"product_cat-tihendid-iseliimuvad-tihenduslindid","8":"first","9":"instock","10":"shipping-taxable","11":"product-type-simple"},"_links":{"self":[{"href":"https:\/\/fixustrade.ee\/fin\/wp-json\/wp\/v2\/product\/3516","targetHints":{"allow":["GET"]}}],"collection":[{"href":"https:\/\/fixustrade.ee\/fin\/wp-json\/wp\/v2\/product"}],"about":[{"href":"https:\/\/fixustrade.ee\/fin\/wp-json\/wp\/v2\/types\/product"}],"version-history":[{"count":30,"href":"https:\/\/fixustrade.ee\/fin\/wp-json\/wp\/v2\/product\/3516\/revisions"}],"predecessor-version":[{"id":7625,"href":"https:\/\/fixustrade.ee\/fin\/wp-json\/wp\/v2\/product\/3516\/revisions\/7625"}],"wp:featuredmedia":[{"embeddable":true,"href":"https:\/\/fixustrade.ee\/fin\/wp-json\/wp\/v2\/media\/20"}],"wp:attachment":[{"href":"https:\/\/fixustrade.ee\/fin\/wp-json\/wp\/v2\/media?parent=3516"}],"wp:term":[{"taxonomy":"product_brand","embeddable":true,"href":"https:\/\/fixustrade.ee\/fin\/wp-json\/wp\/v2\/product_brand?post=3516"},{"taxonomy":"product_cat","embeddable":true,"href":"https:\/\/fixustrade.ee\/fin\/wp-json\/wp\/v2\/product_cat?post=3516"},{"taxonomy":"product_tag","embeddable":true,"href":"https:\/\/fixustrade.ee\/fin\/wp-json\/wp\/v2\/product_tag?post=3516"}],"curies":[{"name":"wp","href":"https:\/\/api.w.org\/{rel}","templated":true}]}}