{"id":3520,"date":"2021-03-24T17:38:40","date_gmt":"2021-03-24T17:38:40","guid":{"rendered":"https:\/\/fixustrade.ee\/?post_type=product&#038;p=3520"},"modified":"2024-03-01T14:09:53","modified_gmt":"2024-03-01T12:09:53","slug":"polueteen-vahtplastist-iseliimuvad-tihendid","status":"publish","type":"product","link":"https:\/\/fixustrade.ee\/fin\/tooted\/polyeteeni-solumuovista-itseliimautuvat-tiivisteet\/","title":{"rendered":"polyeteeni solumuovista Itseliimautuvat tiivisteet"},"content":{"rendered":"<p><span style=\"color: #ffffff;\">Itseliimautuvat tiivistenauhat, kumitiiviste, kumitiiviste, liimatiiviste, itseliimautuva tiivistenauha. Kattotiivisteet, runkotiivisteet, puhallettavat tiivisteet jne. Rakenteelliset tiivisteet.\u00a0<\/span><\/p>\n<p>Polyeteeni solumuovista itseliimautuvat tiivisteet: Kevyiden v\u00e4liseinien (kipsilevy) ja muiden rakennusmateriaalien v\u00e4listen liitosten tiivist\u00e4miseen ja \u00e4\u00e4nieristykseen. Muun muassa julkisivulevymateriaalien ja puu- tai metallirungon v\u00e4liseen eristykseen, my\u00f6s sokkeleihin ja sandwich paneeliasennukseen sek\u00e4 kevyempiin lasitust\u00f6ihin. Elastinen, itseliimautuva, vedenpit\u00e4v\u00e4, umpisoluinen polyeteeninauha, hyv\u00e4 tarttuvuus ja helppo asentaa.<\/p>\n<p><u><strong>Materiaali<\/strong><\/u>: elastinen umpisoluinen polyeteeni solumuovi, p\u00e4\u00e4llystetty alhaalta eritt\u00e4in hyv\u00e4ll\u00e4 tarttuvalla synteettisell\u00e4 kumiliimalla (hot melt), ylh\u00e4\u00e4lt\u00e4 suojaavalla, ei-irrotettavalla silikonikalvolla, vedenpit\u00e4v\u00e4, liuotinvapaa, kest\u00e4\u00e4 heikkoja kemikaaleja;<\/p>\n<p><u><strong>V\u00e4ri<\/strong><\/u>: musta (antrasiitinharmaa) tai valkoinen;<\/p>\n<p><u><strong>Tiheys<\/strong><\/u>: ~30 kg\/m3; veden imeytyminen &lt; 1%, hyv\u00e4 kosteudenkest\u00e4vyys;<\/p>\n<p><u><strong>Keskil\u00e4mp\u00f6tilan sietokyky<\/strong><\/u>: -30\u00b0C +80\u00b0C; suositeltu asennusl\u00e4mp\u00f6tila +5\u00b0C +40\u00b0C;<\/p>","protected":false},"excerpt":{"rendered":"<p><strong>Tekniset tiedot:<\/strong><\/p>\n<p><a href=\"https:\/\/fixustrade.ee\/wp-content\/uploads\/2024\/10\/TDS-FIX-PMPV_eng.pdf\">TDS-FIX-PMPV_eng.pdf<\/a> | <a href=\"https:\/\/fixustrade.ee\/wp-content\/uploads\/2024\/10\/TDS-PE-T_L_eng.pdf\">TDS-PE-T_L_eng.pdf<\/a><\/p>\n<p><span style=\"color: #ffffff;\">Itseliimautuvat tiivistenauhat, kumitiiviste, kumitiiviste, liimatiiviste, itseliimautuva tiivistenauha. Kattotiivisteet, runkotiivisteet, puhallettavat tiivisteet jne. Rakenteelliset tiivisteet.\u00a0<\/span><\/p>","protected":false},"featured_media":120,"template":"","meta":[],"product_brand":[],"product_cat":[236],"product_tag":[],"class_list":{"0":"post-3520","1":"product","2":"type-product","3":"status-publish","4":"has-post-thumbnail","6":"product_cat-tihendid-iseliimuvad-tihenduslindid","8":"first","9":"instock","10":"shipping-taxable","11":"product-type-simple"},"_links":{"self":[{"href":"https:\/\/fixustrade.ee\/fin\/wp-json\/wp\/v2\/product\/3520","targetHints":{"allow":["GET"]}}],"collection":[{"href":"https:\/\/fixustrade.ee\/fin\/wp-json\/wp\/v2\/product"}],"about":[{"href":"https:\/\/fixustrade.ee\/fin\/wp-json\/wp\/v2\/types\/product"}],"version-history":[{"count":16,"href":"https:\/\/fixustrade.ee\/fin\/wp-json\/wp\/v2\/product\/3520\/revisions"}],"predecessor-version":[{"id":6005,"href":"https:\/\/fixustrade.ee\/fin\/wp-json\/wp\/v2\/product\/3520\/revisions\/6005"}],"wp:featuredmedia":[{"embeddable":true,"href":"https:\/\/fixustrade.ee\/fin\/wp-json\/wp\/v2\/media\/120"}],"wp:attachment":[{"href":"https:\/\/fixustrade.ee\/fin\/wp-json\/wp\/v2\/media?parent=3520"}],"wp:term":[{"taxonomy":"product_brand","embeddable":true,"href":"https:\/\/fixustrade.ee\/fin\/wp-json\/wp\/v2\/product_brand?post=3520"},{"taxonomy":"product_cat","embeddable":true,"href":"https:\/\/fixustrade.ee\/fin\/wp-json\/wp\/v2\/product_cat?post=3520"},{"taxonomy":"product_tag","embeddable":true,"href":"https:\/\/fixustrade.ee\/fin\/wp-json\/wp\/v2\/product_tag?post=3520"}],"curies":[{"name":"wp","href":"https:\/\/api.w.org\/{rel}","templated":true}]}}