{"id":3522,"date":"2021-03-24T17:42:23","date_gmt":"2021-03-24T17:42:23","guid":{"rendered":"https:\/\/fixustrade.ee\/?post_type=product&#038;p=3522"},"modified":"2024-03-01T12:11:58","modified_gmt":"2024-03-01T10:11:58","slug":"pvc-vahtplastist-iseliimuvad-tihendid","status":"publish","type":"product","link":"https:\/\/fixustrade.ee\/fin\/tooted\/pvc-solumuovista-itseliimautuvat-tiivisteet\/","title":{"rendered":"PVC solumuovista itseliimautuvat tiivisteet"},"content":{"rendered":"<p><span style=\"color: #ffffff;\">Itseliimautuvat tiivistenauhat, kumitiiviste, kumitiiviste, liimatiiviste, itseliimautuva tiivistenauha. Kattotiivisteet, runkotiivisteet, puhallettavat tiivisteet jne. Rakenteelliset tiivisteet.\u00a0<\/span><\/p>\n<p>PVC solumuovista itseliimautuvat tiivisteet: Avautumattomien rakennusrakenteiden tiivist\u00e4miseen, soveltuvat muun muassa pehmeyden ja elastisuuden ansiosta eritt\u00e4in hyvin erilaisten ter\u00e4sprofiilien pitkitt\u00e4isliitosten vesieristykseen. kattoon sek\u00e4 julkisivulevymateriaalien ja rungon v\u00e4liseen tiivistykseen, mukaan lukien sandwich paneeleja asennettaessa ja melueristeen\u00e4 (eli runkotiivisteen\u00e4) parhaiden ominaisuuksien omaaviin kevyisiin v\u00e4liseiniin.<\/p>\n<p><strong><u>Materiaali<\/u><\/strong>: elastinen, umpisoluinen PVC solumuovi, p\u00e4\u00e4llystetty alhaalta hyv\u00e4ll\u00e4 tarttuvalla akryyliliimalla, ylh\u00e4\u00e4lt\u00e4 suojaavalla, irrotettavalla silikonipaperilla tai polyesterikalvolla, tiheydest\u00e4 ja puristamisesta riippuen joko ilma-, p\u00f6ly- tai vesi -tiivis, kest\u00e4\u00e4 heikkoja kemikaaleja, UV-s\u00e4teily\u00e4 ja kosteutta;<\/p>\n<p><strong><u>V\u00e4ri<\/u><\/strong>: musta tai harmaa materiaalin paksuudesta ja tyypist\u00e4 riippuen;<\/p>\n<p><strong><u>Tiheys<\/u><\/strong>: 90-260 kg\/m3; pehme\u00e4 (S), keskitaso (M) tai kova (H)<\/p>\n<p><u><strong>Keskil\u00e4mp\u00f6tilan sietokyky<\/strong><\/u>: -30\u00b0C+70\u00b0C, suositeltu asennusl\u00e4mp\u00f6tila +10\u00b0C + 40\u00b0C;<\/p>","protected":false},"excerpt":{"rendered":"<p><strong>Tekniset tiedot:<\/strong><\/p>\n<p><a href=\"https:\/\/fixustrade.ee\/wp-content\/uploads\/2024\/10\/TDS-FIX-SEAL_M_eng.pdf\">TDS-FIX-SEAL_M_eng.pdf<\/a> | <a href=\"https:\/\/fixustrade.ee\/wp-content\/uploads\/2024\/10\/TDS-FIX-SEAL_S_eng.pdf\">TDS-FIX-SEAL_S_eng.pdf<\/a> | <a href=\"https:\/\/fixustrade.ee\/wp-content\/uploads\/2024\/10\/TDS-FIX-SEAL_H_eng.pdf\">TDS-FIX-SEAL_H_eng.pdf<\/a><\/p>\n<p><span style=\"color: #ffffff;\">Itseliimautuvat tiivistenauhat, kumitiiviste, kumitiiviste, liimatiiviste, itseliimautuva tiivistenauha. Kattotiivisteet, runkotiivisteet, puhallettavat tiivisteet jne. Rakenteelliset tiivisteet.\u00a0<\/span><\/p>","protected":false},"featured_media":121,"template":"","meta":[],"product_brand":[],"product_cat":[236],"product_tag":[],"class_list":{"0":"post-3522","1":"product","2":"type-product","3":"status-publish","4":"has-post-thumbnail","6":"product_cat-tihendid-iseliimuvad-tihenduslindid","8":"first","9":"instock","10":"shipping-taxable","11":"product-type-simple"},"_links":{"self":[{"href":"https:\/\/fixustrade.ee\/fin\/wp-json\/wp\/v2\/product\/3522","targetHints":{"allow":["GET"]}}],"collection":[{"href":"https:\/\/fixustrade.ee\/fin\/wp-json\/wp\/v2\/product"}],"about":[{"href":"https:\/\/fixustrade.ee\/fin\/wp-json\/wp\/v2\/types\/product"}],"version-history":[{"count":20,"href":"https:\/\/fixustrade.ee\/fin\/wp-json\/wp\/v2\/product\/3522\/revisions"}],"predecessor-version":[{"id":7594,"href":"https:\/\/fixustrade.ee\/fin\/wp-json\/wp\/v2\/product\/3522\/revisions\/7594"}],"wp:featuredmedia":[{"embeddable":true,"href":"https:\/\/fixustrade.ee\/fin\/wp-json\/wp\/v2\/media\/121"}],"wp:attachment":[{"href":"https:\/\/fixustrade.ee\/fin\/wp-json\/wp\/v2\/media?parent=3522"}],"wp:term":[{"taxonomy":"product_brand","embeddable":true,"href":"https:\/\/fixustrade.ee\/fin\/wp-json\/wp\/v2\/product_brand?post=3522"},{"taxonomy":"product_cat","embeddable":true,"href":"https:\/\/fixustrade.ee\/fin\/wp-json\/wp\/v2\/product_cat?post=3522"},{"taxonomy":"product_tag","embeddable":true,"href":"https:\/\/fixustrade.ee\/fin\/wp-json\/wp\/v2\/product_tag?post=3522"}],"curies":[{"name":"wp","href":"https:\/\/api.w.org\/{rel}","templated":true}]}}