{"id":3525,"date":"2021-03-24T17:47:08","date_gmt":"2021-03-24T17:47:08","guid":{"rendered":"https:\/\/fixustrade.ee\/?post_type=product&#038;p=3525"},"modified":"2024-03-01T12:21:07","modified_gmt":"2024-03-01T10:21:07","slug":"epdm-vahtkummist-iseliimuvad-tihendid","status":"publish","type":"product","link":"https:\/\/fixustrade.ee\/fin\/tooted\/epdm-solukumista-itseliimautuvat-tiivisteet\/","title":{"rendered":"EPDM solukumista itseliimautuvat tiivisteet"},"content":{"rendered":"<div data-elementor-type=\"product-post\" data-elementor-id=\"3525\" class=\"elementor elementor-3525\" data-elementor-post-type=\"product\">\n\t\t\t\t\t\t<section class=\"elementor-section elementor-top-section elementor-element elementor-element-65913638 elementor-section-boxed elementor-section-height-default elementor-section-height-default\" data-id=\"65913638\" data-element_type=\"section\" data-e-type=\"section\">\n\t\t\t\t\t\t<div class=\"elementor-container elementor-column-gap-default\">\n\t\t\t\t\t<div class=\"elementor-column elementor-col-100 elementor-top-column elementor-element elementor-element-6a9fbf41\" data-id=\"6a9fbf41\" data-element_type=\"column\" data-e-type=\"column\">\n\t\t\t<div class=\"elementor-widget-wrap elementor-element-populated\">\n\t\t\t\t\t\t<div class=\"elementor-element elementor-element-7cd74045 elementor-widget elementor-widget-text-editor\" data-id=\"7cd74045\" data-element_type=\"widget\" data-e-type=\"widget\" data-widget_type=\"text-editor.default\">\n\t\t\t\t<div class=\"elementor-widget-container\">\n\t\t\t\t\t\t\t\t\t<p><span style=\"color: #ffffff;\">EPDM-vaahtomuovista valmistetut itseliimautuvat tiivisteet. P-p\u00e4\u00e4, D-p\u00e4\u00e4. Kaksipuoliset vaahtomuovitiivisteet, ikkunatiivisteet, ovitiivisteet, kattotiivisteet, runkotiivisteet. EPDM itseliimautuva tiiviste.<\/span><\/p><p>EPDM solukumista itseliimautuvat tiivisteet: Lasitust\u00f6ihin, ikkunoiden, ovien, luukkujen ja porttien tiivist\u00e4miseen, erilaisten rakennusrakenteiden saumojen tiivist\u00e4miseen ja erist\u00e4miseen mm. suurempien ja raskaampien julkisivup\u00e4\u00e4llystemateriaalien ja karmin v\u00e4liseen tiivistykseen sek\u00e4 melu-, ilma-, l\u00e4mp\u00f6- ja sokkelin ja tukirakenteen kosteuseristys, kattop\u00e4\u00e4llystemateriaali ja lis\u00e4rakenteet jne. Universaali tiiviste, jolla on eritt\u00e4in laaja k\u00e4ytt\u00f6alue. Joustava, yhdelt\u00e4 puolelta liimautuva, hyv\u00e4 tarttuvuus, vedenpit\u00e4v\u00e4 umpisoluinen EPDM solukumi.<\/p><p><strong><u>Materiaali<\/u><\/strong>: elastinen umpisoluinen EPDM solukumi, pohja laminoitu kaksipuolisella lasikuituakryyliteipill\u00e4, suojattu irrotettavalla polyesterikalvolla, vedenpit\u00e4v\u00e4, heikkoja kemikaaleja kest\u00e4v\u00e4;<\/p><p><strong><u>V\u00e4ri<\/u><\/strong>: musta tai valkoinen; (P-tiiviste 5,5*9mm my\u00f6s harmaa ja ruskea erikoistilauksesta)<\/p><p><strong><u>Tiheys<\/u><\/strong>: 120-170 kg\/m3; kovuus 40 ~ 50 shore; veden imeytyminen &lt; 2 %;<\/p><p><u><strong>Keskil\u00e4mp\u00f6tilan sietokyky<\/strong><\/u>: -40...+60 \u00b0C <span lang=\"EN-US\">(itseliimautuessa riippuu teipin ominaisuuksista, solukumi ilman teippi\u00e4 -30\u00b0C + 90\u00b0C),<\/span>suositeltu asennusl\u00e4mp\u00f6tila. +5\u00b0C +25\u00b0C;<\/p>\t\t\t\t\t\t\t\t<\/div>\n\t\t\t\t<\/div>\n\t\t\t\t\t<\/div>\n\t\t<\/div>\n\t\t\t\t\t<\/div>\n\t\t<\/section>\n\t\t\t\t<\/div>","protected":false},"excerpt":{"rendered":"<p><strong>Tekniset tiedot:<\/strong><\/p>\n<p><a href=\"https:\/\/fixustrade.ee\/wp-content\/uploads\/2024\/10\/TDS-FIX-TLM_eng2.pdf\">TDS FIX-TLM_eng.pdf<\/a> | <a href=\"https:\/\/fixustrade.ee\/wp-content\/uploads\/2021\/04\/TDS-FIX-TLM_paig.pdf\">TDS-FIX-TLM_install_est.pdf<\/a> |\u00a0<a href=\"https:\/\/fixustrade.ee\/wp-content\/uploads\/2024\/10\/TDS-FIX-TLV_eng.pdf\">TDS-FIX-TLV_eng.pdf<\/a> | <a href=\"https:\/\/fixustrade.ee\/wp-content\/uploads\/2021\/04\/TDS-FIX-TLV.pdf\">TDS FIX-TLV_est.pdf<\/a><\/p>\n<p><span style=\"color: #ffffff;\">EPDM solukumista itseliimautuvat tiivisteet. Kaksipuoliset vaahtoteipit, ikkunatiivisteet, ovitiivisteet, kattotiivisteet, P-tiiviste, D-tiiviste. EPDM itseliimautuva tiiviste.<\/span><\/p>","protected":false},"featured_media":95,"template":"","meta":[],"product_brand":[],"product_cat":[237],"product_tag":[],"class_list":{"0":"post-3525","1":"product","2":"type-product","3":"status-publish","4":"has-post-thumbnail","6":"product_cat-aknatihendid-ja-uksetihendid","8":"first","9":"instock","10":"shipping-taxable","11":"product-type-simple"},"_links":{"self":[{"href":"https:\/\/fixustrade.ee\/fin\/wp-json\/wp\/v2\/product\/3525","targetHints":{"allow":["GET"]}}],"collection":[{"href":"https:\/\/fixustrade.ee\/fin\/wp-json\/wp\/v2\/product"}],"about":[{"href":"https:\/\/fixustrade.ee\/fin\/wp-json\/wp\/v2\/types\/product"}],"version-history":[{"count":37,"href":"https:\/\/fixustrade.ee\/fin\/wp-json\/wp\/v2\/product\/3525\/revisions"}],"predecessor-version":[{"id":7600,"href":"https:\/\/fixustrade.ee\/fin\/wp-json\/wp\/v2\/product\/3525\/revisions\/7600"}],"wp:featuredmedia":[{"embeddable":true,"href":"https:\/\/fixustrade.ee\/fin\/wp-json\/wp\/v2\/media\/95"}],"wp:attachment":[{"href":"https:\/\/fixustrade.ee\/fin\/wp-json\/wp\/v2\/media?parent=3525"}],"wp:term":[{"taxonomy":"product_brand","embeddable":true,"href":"https:\/\/fixustrade.ee\/fin\/wp-json\/wp\/v2\/product_brand?post=3525"},{"taxonomy":"product_cat","embeddable":true,"href":"https:\/\/fixustrade.ee\/fin\/wp-json\/wp\/v2\/product_cat?post=3525"},{"taxonomy":"product_tag","embeddable":true,"href":"https:\/\/fixustrade.ee\/fin\/wp-json\/wp\/v2\/product_tag?post=3525"}],"curies":[{"name":"wp","href":"https:\/\/api.w.org\/{rel}","templated":true}]}}