{"id":3538,"date":"2021-03-24T17:56:29","date_gmt":"2021-03-24T17:56:29","guid":{"rendered":"https:\/\/fixustrade.ee\/?post_type=product&#038;p=3538"},"modified":"2024-03-01T12:29:03","modified_gmt":"2024-03-01T10:29:03","slug":"heliisolatsiooni-tihend-classic-valts","status":"publish","type":"product","link":"https:\/\/fixustrade.ee\/fin\/tooted\/premium-aanieristysnauha-konesauma-ja-lukkosauma-katoille\/","title":{"rendered":"PREMIUM \u00c4\u00e4nieristysnauha konesauma ja lukkosauma katoille"},"content":{"rendered":"<p><span style=\"color: #ffffff;\">Klassinen rullainen itseliimautuva tai liimaton \u00e4\u00e4nieristetiiviste. Kattotiivisteet, \u00e4\u00e4nieristetiivisteet, harjatiiviste, pitkitt\u00e4istiiviste, meluaidan tiiviste, meluaidan teippi. Kattotiivisteen rakennusprofiilit. Rakenteelliset tiivisteet.<\/span><\/p>\n<p>PREMIUM \u00c4\u00e4nieristysnauha konesauma ja lukkosauma katoille<\/p>","protected":false},"excerpt":{"rendered":"<p><strong>Tekniset tiedot:<\/strong><\/p>\n<p><a href=\"https:\/\/fixustrade.ee\/wp-content\/uploads\/2024\/10\/TDS-FIX-PMPV_eng.pdf\">TDS-FIX-PMPV_eng.pdf<\/a> | <a href=\"https:\/\/fixustrade.ee\/wp-content\/uploads\/2024\/10\/TDS-sound-insulation-PE-foam.pdf\">TDS-sound-insulation-PE-foam_eng.pdf<\/a><\/p>\n<p><span style=\"color: #ffffff;\">Klassinen rullainen itseliimautuva tai liimaton \u00e4\u00e4nieristetiiviste. Kattotiivisteet, \u00e4\u00e4nieristetiivisteet, harjatiiviste, pitkitt\u00e4istiiviste, meluaidan tiiviste, meluaidan teippi. Kattotiivisteen rakennusprofiilit. Rakenteelliset tiivisteet.<\/span><\/p>","protected":false},"featured_media":6638,"template":"","meta":[],"product_brand":[],"product_cat":[238],"product_tag":[],"class_list":{"0":"post-3538","1":"product","2":"type-product","3":"status-publish","4":"has-post-thumbnail","6":"product_cat-katusetihendid","8":"first","9":"instock","10":"shipping-taxable","11":"product-type-simple"},"_links":{"self":[{"href":"https:\/\/fixustrade.ee\/fin\/wp-json\/wp\/v2\/product\/3538","targetHints":{"allow":["GET"]}}],"collection":[{"href":"https:\/\/fixustrade.ee\/fin\/wp-json\/wp\/v2\/product"}],"about":[{"href":"https:\/\/fixustrade.ee\/fin\/wp-json\/wp\/v2\/types\/product"}],"version-history":[{"count":13,"href":"https:\/\/fixustrade.ee\/fin\/wp-json\/wp\/v2\/product\/3538\/revisions"}],"predecessor-version":[{"id":7603,"href":"https:\/\/fixustrade.ee\/fin\/wp-json\/wp\/v2\/product\/3538\/revisions\/7603"}],"wp:featuredmedia":[{"embeddable":true,"href":"https:\/\/fixustrade.ee\/fin\/wp-json\/wp\/v2\/media\/6638"}],"wp:attachment":[{"href":"https:\/\/fixustrade.ee\/fin\/wp-json\/wp\/v2\/media?parent=3538"}],"wp:term":[{"taxonomy":"product_brand","embeddable":true,"href":"https:\/\/fixustrade.ee\/fin\/wp-json\/wp\/v2\/product_brand?post=3538"},{"taxonomy":"product_cat","embeddable":true,"href":"https:\/\/fixustrade.ee\/fin\/wp-json\/wp\/v2\/product_cat?post=3538"},{"taxonomy":"product_tag","embeddable":true,"href":"https:\/\/fixustrade.ee\/fin\/wp-json\/wp\/v2\/product_tag?post=3538"}],"curies":[{"name":"wp","href":"https:\/\/api.w.org\/{rel}","templated":true}]}}