{"id":3540,"date":"2021-03-24T17:57:17","date_gmt":"2021-03-24T17:57:17","guid":{"rendered":"https:\/\/fixustrade.ee\/?post_type=product&#038;p=3540"},"modified":"2024-02-28T22:28:46","modified_gmt":"2024-02-28T20:28:46","slug":"pikivuugi-tihend-iseliimuv","status":"publish","type":"product","link":"https:\/\/fixustrade.ee\/fin\/tooted\/pitkittaisliitoksen-tiiviste\/","title":{"rendered":"Pitkitt\u00e4isliitoksen tiiviste"},"content":{"rendered":"<p><span style=\"color: #ffffff;\">Itseliimautuva pituussuuntainen tiiviste.<\/span> <span style=\"color: #ffffff;\">Klassinen rullainen itseliimautuva tai liimaton \u00e4\u00e4nieristetiiviste. Kattotiivisteet, \u00e4\u00e4nieristetiivisteet, harjatiiviste, pitkitt\u00e4istiiviste, meluaidan tiiviste, meluaidan teippi. Kattotiivisteen rakennusprofiilit. Rakenteelliset tiivisteet.<\/span><\/p>","protected":false},"excerpt":{"rendered":"<p><strong>Tekniset tiedot:<\/strong><\/p>\n<p><a href=\"https:\/\/fixustrade.ee\/wp-content\/uploads\/2024\/10\/TDS-FIX-SEAL_S_eng.pdf\">TDS FIX-SEAL\/S_eng.pdf<\/a><\/p>\n<p><span style=\"color: #ffffff;\">Itseliimautuva pituussuuntainen tiiviste.<\/span> <span style=\"color: #ffffff;\">Klassinen rullainen itseliimautuva tai liimaton \u00e4\u00e4nieristetiiviste. Kattotiivisteet, \u00e4\u00e4nieristetiivisteet, harjatiiviste, pitkitt\u00e4istiiviste, meluaidan tiiviste, meluaidan teippi. Kattotiivisteen rakennusprofiilit. Rakenteelliset tiivisteet.<\/span><\/p>","protected":false},"featured_media":91,"template":"","meta":[],"product_brand":[],"product_cat":[238],"product_tag":[],"class_list":{"0":"post-3540","1":"product","2":"type-product","3":"status-publish","4":"has-post-thumbnail","6":"product_cat-katusetihendid","8":"first","9":"instock","10":"shipping-taxable","11":"product-type-simple"},"_links":{"self":[{"href":"https:\/\/fixustrade.ee\/fin\/wp-json\/wp\/v2\/product\/3540","targetHints":{"allow":["GET"]}}],"collection":[{"href":"https:\/\/fixustrade.ee\/fin\/wp-json\/wp\/v2\/product"}],"about":[{"href":"https:\/\/fixustrade.ee\/fin\/wp-json\/wp\/v2\/types\/product"}],"version-history":[{"count":6,"href":"https:\/\/fixustrade.ee\/fin\/wp-json\/wp\/v2\/product\/3540\/revisions"}],"predecessor-version":[{"id":6001,"href":"https:\/\/fixustrade.ee\/fin\/wp-json\/wp\/v2\/product\/3540\/revisions\/6001"}],"wp:featuredmedia":[{"embeddable":true,"href":"https:\/\/fixustrade.ee\/fin\/wp-json\/wp\/v2\/media\/91"}],"wp:attachment":[{"href":"https:\/\/fixustrade.ee\/fin\/wp-json\/wp\/v2\/media?parent=3540"}],"wp:term":[{"taxonomy":"product_brand","embeddable":true,"href":"https:\/\/fixustrade.ee\/fin\/wp-json\/wp\/v2\/product_brand?post=3540"},{"taxonomy":"product_cat","embeddable":true,"href":"https:\/\/fixustrade.ee\/fin\/wp-json\/wp\/v2\/product_cat?post=3540"},{"taxonomy":"product_tag","embeddable":true,"href":"https:\/\/fixustrade.ee\/fin\/wp-json\/wp\/v2\/product_tag?post=3540"}],"curies":[{"name":"wp","href":"https:\/\/api.w.org\/{rel}","templated":true}]}}