{"id":3555,"date":"2021-03-24T18:11:50","date_gmt":"2021-03-24T18:11:50","guid":{"rendered":"https:\/\/fixustrade.ee\/?post_type=product&#038;p=3555"},"modified":"2024-03-01T12:49:45","modified_gmt":"2024-03-01T10:49:45","slug":"paisuvad-tihendid-poluuretaanvahust-iseliimuvad","status":"publish","type":"product","link":"https:\/\/fixustrade.ee\/fin\/tooted\/paisuvat-tiivisteet-polyuretaanivaahdosta\/","title":{"rendered":"Paisuvat tiivisteet polyuretaanivaahdosta itseliimautuvat"},"content":{"rendered":"<div data-elementor-type=\"product-post\" data-elementor-id=\"3555\" class=\"elementor elementor-3555\" data-elementor-post-type=\"product\">\n\t\t\t\t\t\t<section class=\"elementor-section elementor-top-section elementor-element elementor-element-5b84be3c elementor-section-boxed elementor-section-height-default elementor-section-height-default\" data-id=\"5b84be3c\" data-element_type=\"section\" data-e-type=\"section\">\n\t\t\t\t\t\t<div class=\"elementor-container elementor-column-gap-default\">\n\t\t\t\t\t<div class=\"elementor-column elementor-col-100 elementor-top-column elementor-element elementor-element-6a0fb176\" data-id=\"6a0fb176\" data-element_type=\"column\" data-e-type=\"column\">\n\t\t\t<div class=\"elementor-widget-wrap elementor-element-populated\">\n\t\t\t\t\t\t<div class=\"elementor-element elementor-element-4917592f elementor-widget elementor-widget-text-editor\" data-id=\"4917592f\" data-element_type=\"widget\" data-e-type=\"widget\" data-widget_type=\"text-editor.default\">\n\t\t\t\t<div class=\"elementor-widget-container\">\n\t\t\t\t\t\t\t\t\t<p><span style=\"color: #ffffff;\">Paisuvat tiivisteet polyuretaanivaahdosta itseliimautuvat.<\/span><\/p><p>Paisuvat tiivisteet polyuretaanivaahdosta itseliimautuvat: Erilaisten rakennusrakenteiden saumojen tiivist\u00e4miseen ja erist\u00e4miseen, mukaan lukien melu-, t\u00e4rin\u00e4-, ilma-, l\u00e4mp\u00f6- ja kosteuseristys ikkuna- ja oviaukkojen v\u00e4lill\u00e4, julkisivujen saumat ja halkeamat (betonielementtien v\u00e4liset liitokset), kattop\u00e4\u00e4llysteet ja erikoisprofiiliset rakenteet sek\u00e4 muut ep\u00e4tasaiset rakennuspinnat. My\u00f6s kaapelikanavien tiivist\u00e4miseen ja hirsitalojen rakentamiseen kulmarakenteissa ja hirsien v\u00e4liss\u00e4 sek\u00e4 ikkuna- ja oviaukoissa tiivistysvaahtojen sijaan. Rullassa puristettuna se laajenee paksuudeltaan useita kertoja, pysyv\u00e4sti elastinen, ilmatiivis. Polyuretaanitiiviste yksipuolisella liimalla.<\/p><p><strong><u>Materiaali<\/u><\/strong>: avosoluinen polyuretaanivaahto, joka on kyll\u00e4stetty modifioidulla akryylidispersiolla, johon on lis\u00e4tty palonestoaineita, ei sis\u00e4ll\u00e4 pehmittimi\u00e4, p\u00e4\u00e4llystetty pohjasta lasikuituvahvisteisella teipill\u00e4, laajenee diffuusion avulla, UV-s\u00e4teilynkest\u00e4v\u00e4, antaa tiivistettyjen liitosten hengitt\u00e4\u00e4;<\/p><p><strong><u>V\u00e4ri<\/u><\/strong>: tummaharmaa<\/p><p><strong><u>Tiheys<\/u><\/strong>: 50\/80\/120 kg\/m3;<\/p><p><strong><u>Keskil\u00e4mp\u00f6tilan sietokyky<\/u><\/strong>: -40\u00b0C - +100\u00b0C, lyhytaikaisesti +130\u00b0C, suositeltu asennusl\u00e4mp\u00f6tila +5\u00b0C - +30\u00b0C;<\/p>\t\t\t\t\t\t\t\t<\/div>\n\t\t\t\t<\/div>\n\t\t\t\t\t<\/div>\n\t\t<\/div>\n\t\t\t\t\t<\/div>\n\t\t<\/section>\n\t\t\t\t<\/div>","protected":false},"excerpt":{"rendered":"<p><strong>Tekniset tiedot:<\/strong><\/p>\n<p><a href=\"https:\/\/fixustrade.ee\/wp-content\/uploads\/2024\/10\/TDS-FIX-FORM-VS300_eng.pdf\">TDS-FIX-FORM-VS300_eng.pdf<\/a><\/p>\n<p><span style=\"color: #ffffff;\">Paisuvat tiivisteet polyuretaanivaahdosta itseliimautuvat.<\/span><\/p>","protected":false},"featured_media":80,"template":"","meta":[],"product_brand":[],"product_cat":[241],"product_tag":[],"class_list":{"0":"post-3555","1":"product","2":"type-product","3":"status-publish","4":"has-post-thumbnail","6":"product_cat-paisuvad-tihendid","8":"first","9":"instock","10":"shipping-taxable","11":"product-type-simple"},"_links":{"self":[{"href":"https:\/\/fixustrade.ee\/fin\/wp-json\/wp\/v2\/product\/3555","targetHints":{"allow":["GET"]}}],"collection":[{"href":"https:\/\/fixustrade.ee\/fin\/wp-json\/wp\/v2\/product"}],"about":[{"href":"https:\/\/fixustrade.ee\/fin\/wp-json\/wp\/v2\/types\/product"}],"version-history":[{"count":23,"href":"https:\/\/fixustrade.ee\/fin\/wp-json\/wp\/v2\/product\/3555\/revisions"}],"predecessor-version":[{"id":7610,"href":"https:\/\/fixustrade.ee\/fin\/wp-json\/wp\/v2\/product\/3555\/revisions\/7610"}],"wp:featuredmedia":[{"embeddable":true,"href":"https:\/\/fixustrade.ee\/fin\/wp-json\/wp\/v2\/media\/80"}],"wp:attachment":[{"href":"https:\/\/fixustrade.ee\/fin\/wp-json\/wp\/v2\/media?parent=3555"}],"wp:term":[{"taxonomy":"product_brand","embeddable":true,"href":"https:\/\/fixustrade.ee\/fin\/wp-json\/wp\/v2\/product_brand?post=3555"},{"taxonomy":"product_cat","embeddable":true,"href":"https:\/\/fixustrade.ee\/fin\/wp-json\/wp\/v2\/product_cat?post=3555"},{"taxonomy":"product_tag","embeddable":true,"href":"https:\/\/fixustrade.ee\/fin\/wp-json\/wp\/v2\/product_tag?post=3555"}],"curies":[{"name":"wp","href":"https:\/\/api.w.org\/{rel}","templated":true}]}}